{"id":9039,"date":"2023-05-10T07:16:36","date_gmt":"2023-05-10T07:16:36","guid":{"rendered":"http:\/\/activecontrol-systems.com\/portfolio\/"},"modified":"2026-01-08T17:33:05","modified_gmt":"2026-01-08T17:33:05","slug":"portfolio","status":"publish","type":"page","link":"https:\/\/activecontrol-systems.com\/es\/portfolio\/","title":{"rendered":"CASOS DE USO"},"content":{"rendered":"\t\t<div data-elementor-type=\"wp-page\" data-elementor-id=\"9039\" class=\"elementor elementor-9039 elementor-457\">\n\t\t\t\t<div class=\"elementor-element elementor-element-96f9101 wdt-no-full-section e-flex e-con-boxed e-con e-parent\" data-id=\"96f9101\" data-element_type=\"container\" data-settings=\"{&quot;background_background&quot;:&quot;classic&quot;}\">\n\t\t\t\t\t<div class=\"e-con-inner\">\n\t\t<div class=\"elementor-element elementor-element-38ef501 e-con-full e-flex e-con e-child\" data-id=\"38ef501\" data-element_type=\"container\">\n\t\t\t\t<div class=\"elementor-element elementor-element-877b1e8 elementor-widget__width-inherit elementor-widget-tablet_extra__width-initial elementor-widget elementor-widget-wdt-heading\" data-id=\"877b1e8\" data-element_type=\"widget\" data-settings=\"{&quot;wdt_animation_effect&quot;:&quot;none&quot;}\" data-widget_type=\"wdt-heading.default\">\n\t\t\t\t<div class=\"elementor-widget-container\">\n\t\t\t\t\t<div class=\"wdt-heading-holder \" id=\"wdt-heading-877b1e8\"><h2 class=\"wdt-heading-title-wrapper wdt-heading-align- wdt-heading-deco-wrapper\"><span class=\"wdt-heading-title\">SMART PROTECTION. <span class=\"wdt-heading-colored-elements\">REAL <\/span><span class=\"wdt-heading-colored-elements\">IMPACT <\/span><\/span><\/h2><\/div>\t\t\t\t<\/div>\n\t\t\t\t<\/div>\n\t\t\t\t<div class=\"elementor-element elementor-element-98d1f2d elementor-widget elementor-widget-text-editor\" data-id=\"98d1f2d\" data-element_type=\"widget\" data-settings=\"{&quot;wdt_animation_effect&quot;:&quot;none&quot;}\" data-widget_type=\"text-editor.default\">\n\t\t\t\t<div class=\"elementor-widget-container\">\n\t\t\t\t\t\t\t\t\t<p>Cada aplicaci\u00f3n cuenta una historia de desaf\u00edos, soluciones y resultados sostenibles. Nuestros sistemas est\u00e1n en uso all\u00ed donde las estructuras deben soportar las cargas m\u00e1s altas d\u00eda tras d\u00eda.  <\/p><p>Desde puentes y t\u00faneles hasta estructuras de aparcamiento \u2014 la tecnolog\u00eda garantiza seguridad, transparencia y mantenimiento predecible.<\/p><p><span class=\"blue\"><b> \u00bfQu\u00e9 conecta a todos estos proyectos?<\/b><\/span><\/p><p>Un objetivo com\u00fan: preservar estructuras antes de que sufran da\u00f1os.<\/p>\t\t\t\t\t\t\t\t<\/div>\n\t\t\t\t<\/div>\n\t\t\t\t<\/div>\n\t\t\t\t\t<\/div>\n\t\t\t\t<\/div>\n\t\t\t\t<\/div>\n\t\t","protected":false},"excerpt":{"rendered":"<p>SMART PROTECTION. REAL IMPACT Cada aplicaci\u00f3n cuenta una historia de desaf\u00edos, soluciones y resultados sostenibles. Nuestros sistemas est\u00e1n en uso all\u00ed donde las estructuras deben soportar las cargas m\u00e1s altas d\u00eda tras d\u00eda. Desde puentes y t\u00faneles hasta estructuras de aparcamiento \u2014 la tecnolog\u00eda garantiza seguridad, transparencia y mantenimiento predecible. \u00bfQu\u00e9 conecta a todos estos [&hellip;]<\/p>\n","protected":false},"author":1,"featured_media":0,"parent":0,"menu_order":0,"comment_status":"closed","ping_status":"closed","template":"elementor_header_footer","meta":{"_acf_changed":false,"footnotes":""},"class_list":["post-9039","page","type-page","status-publish","hentry"],"acf":[],"aioseo_notices":[],"_links":{"self":[{"href":"https:\/\/activecontrol-systems.com\/es\/wp-json\/wp\/v2\/pages\/9039","targetHints":{"allow":["GET"]}}],"collection":[{"href":"https:\/\/activecontrol-systems.com\/es\/wp-json\/wp\/v2\/pages"}],"about":[{"href":"https:\/\/activecontrol-systems.com\/es\/wp-json\/wp\/v2\/types\/page"}],"author":[{"embeddable":true,"href":"https:\/\/activecontrol-systems.com\/es\/wp-json\/wp\/v2\/users\/1"}],"replies":[{"embeddable":true,"href":"https:\/\/activecontrol-systems.com\/es\/wp-json\/wp\/v2\/comments?post=9039"}],"version-history":[{"count":0,"href":"https:\/\/activecontrol-systems.com\/es\/wp-json\/wp\/v2\/pages\/9039\/revisions"}],"wp:attachment":[{"href":"https:\/\/activecontrol-systems.com\/es\/wp-json\/wp\/v2\/media?parent=9039"}],"curies":[{"name":"wp","href":"https:\/\/api.w.org\/{rel}","templated":true}]}}