{"id":13715,"date":"2025-07-30T10:30:59","date_gmt":"2025-07-30T10:30:59","guid":{"rendered":"http:\/\/activecontrol-systems.com\/produto\/sensores\/"},"modified":"2026-03-24T16:24:47","modified_gmt":"2026-03-24T16:24:47","slug":"sensores","status":"publish","type":"product","link":"https:\/\/activecontrol-systems.com\/es\/producto\/sensores\/","title":{"rendered":"SENSORES"},"content":{"rendered":"","protected":false},"excerpt":{"rendered":"<p>Ofrecemos una selecci\u00f3n de sensores para la monitorizaci\u00f3n precisa y continua de todos los par\u00e1metros relevantes. Estos incluyen:<\/p>\n<ul>\n<li>Tipo P: medici\u00f3n de potencial<\/li>\n<li>Tipo C: medici\u00f3n de corriente ZRA<\/li>\n<li><strong>Tipo Z:<\/strong> Medici\u00f3n de la impedancia<\/li>\n<li>Tipo T: medici\u00f3n de temperatura<\/li>\n<li>Tipo RH: medici\u00f3n de humedad relativa<\/li>\n<\/ul>\n<p>\u00bfBusca un componente espec\u00edfico o una versi\u00f3n personalizada? Estaremos encantados de ayudarle \u2014 env\u00edenos su consulta y encontraremos juntos la soluci\u00f3n adecuada.<br \/>\n<span dir=\"auto\" style=\"vertical-align: inherit;\">&#8212;  <\/span><br \/>\n<em style=\"font-size: 12px;\"><sup><span dir=\"auto\" style=\"vertical-align: inherit;\">1<\/span><\/sup><span dir=\"auto\" style=\"vertical-align: inherit;\"> Imagen solo con fines ilustrativos. El color o el dise\u00f1o del art\u00edculo real pueden variar. <\/span><\/em><\/p>\n","protected":false},"featured_media":15301,"template":"","meta":{"_acf_changed":false},"product_brand":[],"product_cat":[995],"product_tag":[],"class_list":{"0":"post-13715","1":"product","2":"type-product","3":"status-publish","4":"has-post-thumbnail","6":"product_cat-conexciones","9":"instock","10":"shipping-taxable","11":"purchasable","12":"product-type-variable","13":"product-grid-view"},"acf":[],"aioseo_notices":[],"_links":{"self":[{"href":"https:\/\/activecontrol-systems.com\/es\/wp-json\/wp\/v2\/product\/13715","targetHints":{"allow":["GET"]}}],"collection":[{"href":"https:\/\/activecontrol-systems.com\/es\/wp-json\/wp\/v2\/product"}],"about":[{"href":"https:\/\/activecontrol-systems.com\/es\/wp-json\/wp\/v2\/types\/product"}],"version-history":[{"count":1,"href":"https:\/\/activecontrol-systems.com\/es\/wp-json\/wp\/v2\/product\/13715\/revisions"}],"predecessor-version":[{"id":41712,"href":"https:\/\/activecontrol-systems.com\/es\/wp-json\/wp\/v2\/product\/13715\/revisions\/41712"}],"wp:featuredmedia":[{"embeddable":true,"href":"https:\/\/activecontrol-systems.com\/es\/wp-json\/wp\/v2\/media\/15301"}],"wp:attachment":[{"href":"https:\/\/activecontrol-systems.com\/es\/wp-json\/wp\/v2\/media?parent=13715"}],"wp:term":[{"taxonomy":"product_brand","embeddable":true,"href":"https:\/\/activecontrol-systems.com\/es\/wp-json\/wp\/v2\/product_brand?post=13715"},{"taxonomy":"product_cat","embeddable":true,"href":"https:\/\/activecontrol-systems.com\/es\/wp-json\/wp\/v2\/product_cat?post=13715"},{"taxonomy":"product_tag","embeddable":true,"href":"https:\/\/activecontrol-systems.com\/es\/wp-json\/wp\/v2\/product_tag?post=13715"}],"curies":[{"name":"wp","href":"https:\/\/api.w.org\/{rel}","templated":true}]}}