{"id":13789,"date":"2025-07-30T11:38:02","date_gmt":"2025-07-30T11:38:02","guid":{"rendered":"http:\/\/activecontrol-systems.com\/produto\/conexiones\/"},"modified":"2026-01-09T16:37:55","modified_gmt":"2026-01-09T16:37:55","slug":"conexiones","status":"publish","type":"product","link":"https:\/\/activecontrol-systems.com\/es\/producto\/conexiones\/","title":{"rendered":"CONNECTOR"},"content":{"rendered":"","protected":false},"excerpt":{"rendered":"<p>Para conectar los componentes del sistema de protecci\u00f3n cat\u00f3dica (KKS), ofrecemos una selecci\u00f3n de conectores. Estos incluyen:<\/p>\n<ul>\n<li>Conexi\u00f3n de \u00e1nodo: conexi\u00f3n para transferencia de corriente al sistema de \u00e1nodos.<\/li>\n<li>Conexi\u00f3n de c\u00e1todo: conexi\u00f3n para retorno de corriente de la armadura.<\/li>\n<li>Conexi\u00f3n sin corriente: conexi\u00f3n a la armadura como conexi\u00f3n COM.<\/li>\n<\/ul>\n<p>\u00bfBusca un componente espec\u00edfico o una versi\u00f3n personalizada? Estaremos encantados de ayudarle \u2014 env\u00edenos su consulta y encontraremos juntos la soluci\u00f3n adecuada.<\/p>\n","protected":false},"featured_media":15714,"template":"","meta":{"_acf_changed":false},"product_brand":[],"product_cat":[995],"product_tag":[],"class_list":{"0":"post-13789","1":"product","2":"type-product","3":"status-publish","4":"has-post-thumbnail","6":"product_cat-conexciones","9":"instock","10":"shipping-taxable","11":"purchasable","12":"product-type-variable","13":"product-grid-view"},"acf":[],"aioseo_notices":[],"_links":{"self":[{"href":"https:\/\/activecontrol-systems.com\/es\/wp-json\/wp\/v2\/product\/13789","targetHints":{"allow":["GET"]}}],"collection":[{"href":"https:\/\/activecontrol-systems.com\/es\/wp-json\/wp\/v2\/product"}],"about":[{"href":"https:\/\/activecontrol-systems.com\/es\/wp-json\/wp\/v2\/types\/product"}],"version-history":[{"count":0,"href":"https:\/\/activecontrol-systems.com\/es\/wp-json\/wp\/v2\/product\/13789\/revisions"}],"wp:featuredmedia":[{"embeddable":true,"href":"https:\/\/activecontrol-systems.com\/es\/wp-json\/wp\/v2\/media\/15714"}],"wp:attachment":[{"href":"https:\/\/activecontrol-systems.com\/es\/wp-json\/wp\/v2\/media?parent=13789"}],"wp:term":[{"taxonomy":"product_brand","embeddable":true,"href":"https:\/\/activecontrol-systems.com\/es\/wp-json\/wp\/v2\/product_brand?post=13789"},{"taxonomy":"product_cat","embeddable":true,"href":"https:\/\/activecontrol-systems.com\/es\/wp-json\/wp\/v2\/product_cat?post=13789"},{"taxonomy":"product_tag","embeddable":true,"href":"https:\/\/activecontrol-systems.com\/es\/wp-json\/wp\/v2\/product_tag?post=13789"}],"curies":[{"name":"wp","href":"https:\/\/api.w.org\/{rel}","templated":true}]}}