{"id":13871,"date":"2025-07-30T11:58:33","date_gmt":"2025-07-30T11:58:33","guid":{"rendered":"http:\/\/activecontrol-systems.com\/produto\/cable\/"},"modified":"2026-01-26T12:37:59","modified_gmt":"2026-01-26T12:37:59","slug":"cable","status":"publish","type":"product","link":"https:\/\/activecontrol-systems.com\/es\/producto\/cable\/","title":{"rendered":"CABLE"},"content":{"rendered":"","protected":false},"excerpt":{"rendered":"<p><strong>CABLE PARA PROTECCI\u00d3N CONTRA LA CORROSI\u00d3N CAT\u00d3DICA<\/strong><br \/>\nEl cable DC de doble aislamiento est\u00e1 disponible en varias versiones y fue desarrollado espec\u00edficamente para su uso en protecci\u00f3n cat\u00f3dica contra la corrosi\u00f3n. El conductor consiste en hilo de cobre desnudo. Los n\u00facleos est\u00e1n aislados con polietileno reticulado (XLPE) o PVC y adem\u00e1s protegidos por una cubierta exterior de PVC. Los n\u00facleos est\u00e1n aislados con polietileno reticulado (XLPE) o PVC y protegidos adicionalmente por una cubierta exterior de PVC. <\/p>\n","protected":false},"featured_media":15306,"template":"","meta":{"_acf_changed":false},"product_brand":[],"product_cat":[994],"product_tag":[],"class_list":{"0":"post-13871","1":"product","2":"type-product","3":"status-publish","4":"has-post-thumbnail","6":"product_cat-cable-es","9":"instock","10":"shipping-taxable","11":"purchasable","12":"product-type-variable","13":"product-grid-view"},"acf":[],"aioseo_notices":[],"_links":{"self":[{"href":"https:\/\/activecontrol-systems.com\/es\/wp-json\/wp\/v2\/product\/13871","targetHints":{"allow":["GET"]}}],"collection":[{"href":"https:\/\/activecontrol-systems.com\/es\/wp-json\/wp\/v2\/product"}],"about":[{"href":"https:\/\/activecontrol-systems.com\/es\/wp-json\/wp\/v2\/types\/product"}],"version-history":[{"count":1,"href":"https:\/\/activecontrol-systems.com\/es\/wp-json\/wp\/v2\/product\/13871\/revisions"}],"predecessor-version":[{"id":16337,"href":"https:\/\/activecontrol-systems.com\/es\/wp-json\/wp\/v2\/product\/13871\/revisions\/16337"}],"wp:featuredmedia":[{"embeddable":true,"href":"https:\/\/activecontrol-systems.com\/es\/wp-json\/wp\/v2\/media\/15306"}],"wp:attachment":[{"href":"https:\/\/activecontrol-systems.com\/es\/wp-json\/wp\/v2\/media?parent=13871"}],"wp:term":[{"taxonomy":"product_brand","embeddable":true,"href":"https:\/\/activecontrol-systems.com\/es\/wp-json\/wp\/v2\/product_brand?post=13871"},{"taxonomy":"product_cat","embeddable":true,"href":"https:\/\/activecontrol-systems.com\/es\/wp-json\/wp\/v2\/product_cat?post=13871"},{"taxonomy":"product_tag","embeddable":true,"href":"https:\/\/activecontrol-systems.com\/es\/wp-json\/wp\/v2\/product_tag?post=13871"}],"curies":[{"name":"wp","href":"https:\/\/api.w.org\/{rel}","templated":true}]}}