{"id":13908,"date":"2025-07-30T12:12:45","date_gmt":"2025-07-30T12:12:45","guid":{"rendered":"http:\/\/activecontrol-systems.com\/produto\/afix\/"},"modified":"2026-01-08T18:06:17","modified_gmt":"2026-01-08T18:06:17","slug":"afix","status":"publish","type":"product","link":"https:\/\/activecontrol-systems.com\/es\/producto\/afix\/","title":{"rendered":"AFIX"},"content":{"rendered":"","protected":false},"excerpt":{"rendered":"<p>AFIX es un anclaje de fijaci\u00f3n especialmente desarrollado para fijar cintas y cables de \u00e1nodos primarios, as\u00ed como \u00e1nodos de titanio MMO en forma de cintas y mallas.<\/p>\n<p>Su geometr\u00eda ergon\u00f3mica y compacta permite un manejo especialmente eficiente y una uni\u00f3n \u00f3ptima con el mortero de acoplamiento. Su forma se basa en una amplia experiencia pr\u00e1ctica y ha sido continuamente perfeccionada y optimizada mediante desarrollo constante.<\/p>\n","protected":false},"featured_media":15276,"template":"","meta":{"_acf_changed":false},"product_brand":[],"product_cat":[991],"product_tag":[],"class_list":{"0":"post-13908","1":"product","2":"type-product","3":"status-publish","4":"has-post-thumbnail","6":"product_cat-acessorios-es","9":"instock","10":"shipping-taxable","11":"purchasable","12":"product-type-variable","13":"product-grid-view"},"acf":[],"aioseo_notices":[],"_links":{"self":[{"href":"https:\/\/activecontrol-systems.com\/es\/wp-json\/wp\/v2\/product\/13908","targetHints":{"allow":["GET"]}}],"collection":[{"href":"https:\/\/activecontrol-systems.com\/es\/wp-json\/wp\/v2\/product"}],"about":[{"href":"https:\/\/activecontrol-systems.com\/es\/wp-json\/wp\/v2\/types\/product"}],"version-history":[{"count":0,"href":"https:\/\/activecontrol-systems.com\/es\/wp-json\/wp\/v2\/product\/13908\/revisions"}],"wp:featuredmedia":[{"embeddable":true,"href":"https:\/\/activecontrol-systems.com\/es\/wp-json\/wp\/v2\/media\/15276"}],"wp:attachment":[{"href":"https:\/\/activecontrol-systems.com\/es\/wp-json\/wp\/v2\/media?parent=13908"}],"wp:term":[{"taxonomy":"product_brand","embeddable":true,"href":"https:\/\/activecontrol-systems.com\/es\/wp-json\/wp\/v2\/product_brand?post=13908"},{"taxonomy":"product_cat","embeddable":true,"href":"https:\/\/activecontrol-systems.com\/es\/wp-json\/wp\/v2\/product_cat?post=13908"},{"taxonomy":"product_tag","embeddable":true,"href":"https:\/\/activecontrol-systems.com\/es\/wp-json\/wp\/v2\/product_tag?post=13908"}],"curies":[{"name":"wp","href":"https:\/\/api.w.org\/{rel}","templated":true}]}}