{"id":13925,"date":"2025-07-30T13:54:27","date_gmt":"2025-07-30T13:54:27","guid":{"rendered":"http:\/\/activecontrol-systems.com\/produto\/aconecta\/"},"modified":"2026-01-08T18:04:14","modified_gmt":"2026-01-08T18:04:14","slug":"aconecta","status":"publish","type":"product","link":"https:\/\/activecontrol-systems.com\/es\/producto\/aconecta\/","title":{"rendered":"ACONNECT"},"content":{"rendered":"","protected":false},"excerpt":{"rendered":"<p>ACONNECT es un m\u00f3dem 5G LTE con soporte PoE en una carcasa robusta, equipado con antenas integradas y ajustes preconfigurados para establecer una conexi\u00f3n fiable entre el ACTIVELINK GATEWAY y el APORTAL.<\/p>\n<p>ACONNECT est\u00e1 disponible tanto con suscripci\u00f3n anual (tarjeta SIM incl. plan de datos) como sin ella.<\/p>\n<p>Si se elige la suscripci\u00f3n anual, se celebrar\u00e1 un contrato de datos por separado. Esta suscripci\u00f3n es v\u00e1lida por 1 a\u00f1o.<\/p>\n<p>La suscripci\u00f3n anual incluye el siguiente servicio:<\/p>\n<ul>\n<li>Conexi\u00f3n inal\u00e1mbrica, incluida la tarjeta SIM<\/li>\n<li>2 GB de volumen de datos al mes<\/li>\n<\/ul>\n<p>Estaremos encantados de explicarle las condiciones contractuales exactas en detalle tras recibir su consulta.<\/p>\n","protected":false},"featured_media":15271,"template":"","meta":{"_acf_changed":false},"product_brand":[],"product_cat":[991],"product_tag":[],"class_list":{"0":"post-13925","1":"product","2":"type-product","3":"status-publish","4":"has-post-thumbnail","6":"product_cat-acessorios-es","9":"instock","10":"shipping-taxable","11":"purchasable","12":"product-type-variable","13":"product-grid-view"},"acf":[],"aioseo_notices":[],"_links":{"self":[{"href":"https:\/\/activecontrol-systems.com\/es\/wp-json\/wp\/v2\/product\/13925","targetHints":{"allow":["GET"]}}],"collection":[{"href":"https:\/\/activecontrol-systems.com\/es\/wp-json\/wp\/v2\/product"}],"about":[{"href":"https:\/\/activecontrol-systems.com\/es\/wp-json\/wp\/v2\/types\/product"}],"version-history":[{"count":0,"href":"https:\/\/activecontrol-systems.com\/es\/wp-json\/wp\/v2\/product\/13925\/revisions"}],"wp:featuredmedia":[{"embeddable":true,"href":"https:\/\/activecontrol-systems.com\/es\/wp-json\/wp\/v2\/media\/15271"}],"wp:attachment":[{"href":"https:\/\/activecontrol-systems.com\/es\/wp-json\/wp\/v2\/media?parent=13925"}],"wp:term":[{"taxonomy":"product_brand","embeddable":true,"href":"https:\/\/activecontrol-systems.com\/es\/wp-json\/wp\/v2\/product_brand?post=13925"},{"taxonomy":"product_cat","embeddable":true,"href":"https:\/\/activecontrol-systems.com\/es\/wp-json\/wp\/v2\/product_cat?post=13925"},{"taxonomy":"product_tag","embeddable":true,"href":"https:\/\/activecontrol-systems.com\/es\/wp-json\/wp\/v2\/product_tag?post=13925"}],"curies":[{"name":"wp","href":"https:\/\/api.w.org\/{rel}","templated":true}]}}