{"id":14137,"date":"2025-10-10T14:12:11","date_gmt":"2025-10-10T14:12:11","guid":{"rendered":"http:\/\/activecontrol-systems.com\/produto\/alink-apwrlink\/"},"modified":"2026-03-25T11:17:30","modified_gmt":"2026-03-25T11:17:30","slug":"activelink-apwrlink","status":"publish","type":"product","link":"https:\/\/activecontrol-systems.com\/es\/producto\/activelink-apwrlink\/","title":{"rendered":"ACTIVELINK \/ APWRLINK"},"content":{"rendered":"","protected":false},"excerpt":{"rendered":"<p>El ACTIVELINK es el armario de control central y constituye el coraz\u00f3n del sistema, ya que conecta todos los componentes con energ\u00eda y datos. Para sistemas m\u00e1s grandes, se pueden integrar estaciones APWRLINK adicionales para aumentar el n\u00famero de dispositivos conectados. <\/p>\n[INSERT_ELEMENTOR id=\"15654\"]\n","protected":false},"featured_media":29224,"template":"","meta":{"_acf_changed":false},"product_brand":[],"product_cat":[992],"product_tag":[],"class_list":{"0":"post-14137","1":"product","2":"type-product","3":"status-publish","4":"has-post-thumbnail","6":"product_cat-dispositivos-es","9":"instock","10":"shipping-taxable","11":"purchasable","12":"product-type-variable","13":"product-grid-view"},"acf":[],"aioseo_notices":[],"_links":{"self":[{"href":"https:\/\/activecontrol-systems.com\/es\/wp-json\/wp\/v2\/product\/14137","targetHints":{"allow":["GET"]}}],"collection":[{"href":"https:\/\/activecontrol-systems.com\/es\/wp-json\/wp\/v2\/product"}],"about":[{"href":"https:\/\/activecontrol-systems.com\/es\/wp-json\/wp\/v2\/types\/product"}],"version-history":[{"count":2,"href":"https:\/\/activecontrol-systems.com\/es\/wp-json\/wp\/v2\/product\/14137\/revisions"}],"predecessor-version":[{"id":16330,"href":"https:\/\/activecontrol-systems.com\/es\/wp-json\/wp\/v2\/product\/14137\/revisions\/16330"}],"wp:featuredmedia":[{"embeddable":true,"href":"https:\/\/activecontrol-systems.com\/es\/wp-json\/wp\/v2\/media\/29224"}],"wp:attachment":[{"href":"https:\/\/activecontrol-systems.com\/es\/wp-json\/wp\/v2\/media?parent=14137"}],"wp:term":[{"taxonomy":"product_brand","embeddable":true,"href":"https:\/\/activecontrol-systems.com\/es\/wp-json\/wp\/v2\/product_brand?post=14137"},{"taxonomy":"product_cat","embeddable":true,"href":"https:\/\/activecontrol-systems.com\/es\/wp-json\/wp\/v2\/product_cat?post=14137"},{"taxonomy":"product_tag","embeddable":true,"href":"https:\/\/activecontrol-systems.com\/es\/wp-json\/wp\/v2\/product_tag?post=14137"}],"curies":[{"name":"wp","href":"https:\/\/api.w.org\/{rel}","templated":true}]}}