{"id":14155,"date":"2025-10-10T15:23:29","date_gmt":"2025-10-10T15:23:29","guid":{"rendered":"http:\/\/activecontrol-systems.com\/produto\/apwrhub\/"},"modified":"2026-01-08T17:39:46","modified_gmt":"2026-01-08T17:39:46","slug":"apwrhub","status":"publish","type":"product","link":"https:\/\/activecontrol-systems.com\/es\/producto\/apwrhub\/","title":{"rendered":"APWRHUB"},"content":{"rendered":"","protected":false},"excerpt":{"rendered":"<p class=\"p1\">APWRHUB es una potente unidad de suministro de energ\u00eda de 4 canales desarrollada para sistemas de protecci\u00f3n cat\u00f3dica contra la corrosi\u00f3n, activos y pasivos. Proporciona una gesti\u00f3n energ\u00e9tica precisa as\u00ed como funciones integradas de autovigilancia. <\/p>\n<p>El dispositivo, conectado por Ethernet, puede integrarse sin problemas a trav\u00e9s del ALINK Gateway y configurarse c\u00f3modamente de forma remota mediante el APORTAL.<\/p>\n<p>Adem\u00e1s, el APWRHUB funciona como unidad maestra y centro de comunicaci\u00f3n. Esto permite conectar unidades AMOTE a trav\u00e9s de una red mesh y otros APWRHUB con un alcance de hasta 800 m1. Las posibilidades de expansi\u00f3n del sistema son pr\u00e1cticamente ilimitadas.  <\/p>\n<p>Para la transici\u00f3n entre el APWRHUB y el conducto de cables paralelo, existe una pieza de derivaci\u00f3n opcional especialmente desarrollada. Facilita la entrada de cables, sirve como protecci\u00f3n visual y protege contra influencias externas. cable entry, serves as visual shielding, and protects against external influences. <\/p>\n<p><span dir=\"auto\" style=\"vertical-align: inherit;\"><span dir=\"auto\" style=\"vertical-align: inherit;\">&#8212;  <\/span><\/span><br \/>\n<em style=\"font-size: 12px;\"><sup><span dir=\"auto\" style=\"vertical-align: inherit;\"><span dir=\"auto\" style=\"vertical-align: inherit;\">1<\/span><\/span><\/sup><span dir=\"auto\" style=\"vertical-align: inherit;\"><span dir=\"auto\" style=\"vertical-align: inherit;\"> El alcance real alcanzable puede reducirse debido a condiciones estructurales como paredes, puertas cortafuego o componentes met\u00e1licos.<\/span><\/span><\/em><\/p>\n","protected":false},"featured_media":29190,"template":"","meta":{"_acf_changed":false},"product_brand":[],"product_cat":[992],"product_tag":[],"class_list":{"0":"post-14155","1":"product","2":"type-product","3":"status-publish","4":"has-post-thumbnail","6":"product_cat-dispositivos-es","9":"instock","10":"shipping-taxable","11":"purchasable","12":"product-type-variable","13":"product-grid-view"},"acf":[],"aioseo_notices":[],"_links":{"self":[{"href":"https:\/\/activecontrol-systems.com\/es\/wp-json\/wp\/v2\/product\/14155","targetHints":{"allow":["GET"]}}],"collection":[{"href":"https:\/\/activecontrol-systems.com\/es\/wp-json\/wp\/v2\/product"}],"about":[{"href":"https:\/\/activecontrol-systems.com\/es\/wp-json\/wp\/v2\/types\/product"}],"version-history":[{"count":0,"href":"https:\/\/activecontrol-systems.com\/es\/wp-json\/wp\/v2\/product\/14155\/revisions"}],"wp:featuredmedia":[{"embeddable":true,"href":"https:\/\/activecontrol-systems.com\/es\/wp-json\/wp\/v2\/media\/29190"}],"wp:attachment":[{"href":"https:\/\/activecontrol-systems.com\/es\/wp-json\/wp\/v2\/media?parent=14155"}],"wp:term":[{"taxonomy":"product_brand","embeddable":true,"href":"https:\/\/activecontrol-systems.com\/es\/wp-json\/wp\/v2\/product_brand?post=14155"},{"taxonomy":"product_cat","embeddable":true,"href":"https:\/\/activecontrol-systems.com\/es\/wp-json\/wp\/v2\/product_cat?post=14155"},{"taxonomy":"product_tag","embeddable":true,"href":"https:\/\/activecontrol-systems.com\/es\/wp-json\/wp\/v2\/product_tag?post=14155"}],"curies":[{"name":"wp","href":"https:\/\/api.w.org\/{rel}","templated":true}]}}