{"id":14171,"date":"2025-10-10T16:20:06","date_gmt":"2025-10-10T16:20:06","guid":{"rendered":"http:\/\/activecontrol-systems.com\/produto\/apad\/"},"modified":"2026-01-08T17:47:10","modified_gmt":"2026-01-08T17:47:10","slug":"apad","status":"publish","type":"product","link":"https:\/\/activecontrol-systems.com\/es\/producto\/apad\/","title":{"rendered":"APAD"},"content":{"rendered":"","protected":false},"excerpt":{"rendered":"<p>El APAD es un dispositivo de interfaz compacto especialmente desarrollado para la configuraci\u00f3n local y la monitorizaci\u00f3n del estado del APWRHUB y los AMOTE asociados durante la instalaci\u00f3n, puesta en marcha y operaci\u00f3n.<\/p>\n<p>Permite diagn\u00f3stico directo del sistema y una configuraci\u00f3n c\u00f3moda in situ. Tambi\u00e9n sirve como pantalla externa para visualizar los valores de medici\u00f3n registrados. <\/p>\n","protected":false},"featured_media":15336,"template":"","meta":{"_acf_changed":false},"product_brand":[],"product_cat":[992],"product_tag":[],"class_list":{"0":"post-14171","1":"product","2":"type-product","3":"status-publish","4":"has-post-thumbnail","6":"product_cat-dispositivos-es","9":"instock","10":"shipping-taxable","11":"purchasable","12":"product-type-simple","13":"product-grid-view"},"acf":[],"aioseo_notices":[],"_links":{"self":[{"href":"https:\/\/activecontrol-systems.com\/es\/wp-json\/wp\/v2\/product\/14171","targetHints":{"allow":["GET"]}}],"collection":[{"href":"https:\/\/activecontrol-systems.com\/es\/wp-json\/wp\/v2\/product"}],"about":[{"href":"https:\/\/activecontrol-systems.com\/es\/wp-json\/wp\/v2\/types\/product"}],"version-history":[{"count":0,"href":"https:\/\/activecontrol-systems.com\/es\/wp-json\/wp\/v2\/product\/14171\/revisions"}],"wp:featuredmedia":[{"embeddable":true,"href":"https:\/\/activecontrol-systems.com\/es\/wp-json\/wp\/v2\/media\/15336"}],"wp:attachment":[{"href":"https:\/\/activecontrol-systems.com\/es\/wp-json\/wp\/v2\/media?parent=14171"}],"wp:term":[{"taxonomy":"product_brand","embeddable":true,"href":"https:\/\/activecontrol-systems.com\/es\/wp-json\/wp\/v2\/product_brand?post=14171"},{"taxonomy":"product_cat","embeddable":true,"href":"https:\/\/activecontrol-systems.com\/es\/wp-json\/wp\/v2\/product_cat?post=14171"},{"taxonomy":"product_tag","embeddable":true,"href":"https:\/\/activecontrol-systems.com\/es\/wp-json\/wp\/v2\/product_tag?post=14171"}],"curies":[{"name":"wp","href":"https:\/\/api.w.org\/{rel}","templated":true}]}}