{"id":14173,"date":"2025-10-10T15:46:29","date_gmt":"2025-10-10T15:46:29","guid":{"rendered":"http:\/\/activecontrol-systems.com\/produto\/amote\/"},"modified":"2026-01-26T12:46:43","modified_gmt":"2026-01-26T12:46:43","slug":"amote","status":"publish","type":"product","link":"https:\/\/activecontrol-systems.com\/es\/producto\/amote\/","title":{"rendered":"AMOTE"},"content":{"rendered":"","protected":false},"excerpt":{"rendered":"<p>AMOTE es un nodo sensor inteligente inal\u00e1mbrico de doble canal para medir potenciales, amper\u00edmetro de resistencia cero (ZRA), impedancia, corriente, temperatura y humedad. El nodo forma parte de una red mesh y permite la recopilaci\u00f3n de datos en entornos de dif\u00edcil acceso y a gran escala. <\/p>\n<p>AMOTE puede alimentarse opcionalmente mediante una bater\u00eda o un sistema solar y se caracteriza por un bajo consumo energ\u00e9tico. El m\u00f3dulo est\u00e1 espec\u00edficamente dise\u00f1ado para comunicarse con los APWRHUB, que act\u00faan como servidores y puentes de comunicaci\u00f3n hacia una red cableada y transmiten los datos al ALINK Gateway. <\/p>\n<p><span dir=\"auto\" style=\"vertical-align: inherit;\">&#8212;  <\/span><br \/>\n<em style=\"font-size: 12px;\">1 El alcance real alcanzable puede reducirse debido a condiciones estructurales como paredes, puertas cortafuego o componentes met\u00e1licos.<\/em><\/p>\n","protected":false},"featured_media":37624,"template":"","meta":{"_acf_changed":false},"product_brand":[],"product_cat":[992],"product_tag":[],"class_list":{"0":"post-14173","1":"product","2":"type-product","3":"status-publish","4":"has-post-thumbnail","6":"product_cat-dispositivos-es","9":"instock","10":"shipping-taxable","11":"purchasable","12":"product-type-variable","13":"product-grid-view"},"acf":[],"aioseo_notices":[],"_links":{"self":[{"href":"https:\/\/activecontrol-systems.com\/es\/wp-json\/wp\/v2\/product\/14173","targetHints":{"allow":["GET"]}}],"collection":[{"href":"https:\/\/activecontrol-systems.com\/es\/wp-json\/wp\/v2\/product"}],"about":[{"href":"https:\/\/activecontrol-systems.com\/es\/wp-json\/wp\/v2\/types\/product"}],"version-history":[{"count":1,"href":"https:\/\/activecontrol-systems.com\/es\/wp-json\/wp\/v2\/product\/14173\/revisions"}],"predecessor-version":[{"id":16338,"href":"https:\/\/activecontrol-systems.com\/es\/wp-json\/wp\/v2\/product\/14173\/revisions\/16338"}],"wp:featuredmedia":[{"embeddable":true,"href":"https:\/\/activecontrol-systems.com\/es\/wp-json\/wp\/v2\/media\/37624"}],"wp:attachment":[{"href":"https:\/\/activecontrol-systems.com\/es\/wp-json\/wp\/v2\/media?parent=14173"}],"wp:term":[{"taxonomy":"product_brand","embeddable":true,"href":"https:\/\/activecontrol-systems.com\/es\/wp-json\/wp\/v2\/product_brand?post=14173"},{"taxonomy":"product_cat","embeddable":true,"href":"https:\/\/activecontrol-systems.com\/es\/wp-json\/wp\/v2\/product_cat?post=14173"},{"taxonomy":"product_tag","embeddable":true,"href":"https:\/\/activecontrol-systems.com\/es\/wp-json\/wp\/v2\/product_tag?post=14173"}],"curies":[{"name":"wp","href":"https:\/\/api.w.org\/{rel}","templated":true}]}}