{"id":14232,"date":"2025-10-10T16:58:57","date_gmt":"2025-10-10T16:58:57","guid":{"rendered":"http:\/\/activecontrol-systems.com\/produto\/cable-hibrido-ahybrid\/"},"modified":"2026-01-08T17:50:00","modified_gmt":"2026-01-08T17:50:00","slug":"cable-hibrido-ahybrid","status":"publish","type":"product","link":"https:\/\/activecontrol-systems.com\/es\/producto\/cable-hibrido-ahybrid\/","title":{"rendered":"AHYBRID"},"content":{"rendered":"","protected":false},"excerpt":{"rendered":"<p>El cable AH\u00cdBRIDO es un cable de suministro DC con comunicaci\u00f3n Ethernet CAT5 integrada. El cable combinado est\u00e1 dise\u00f1ado para aplicaciones industriales y permite la transmisi\u00f3n simult\u00e1nea de datos y energ\u00eda. <\/p>\n","protected":false},"featured_media":15697,"template":"","meta":{"_acf_changed":false},"product_brand":[],"product_cat":[994],"product_tag":[],"class_list":{"0":"post-14232","1":"product","2":"type-product","3":"status-publish","4":"has-post-thumbnail","6":"product_cat-cable-es","9":"instock","10":"shipping-taxable","11":"purchasable","12":"product-type-simple","13":"product-grid-view"},"acf":[],"aioseo_notices":[],"_links":{"self":[{"href":"https:\/\/activecontrol-systems.com\/es\/wp-json\/wp\/v2\/product\/14232","targetHints":{"allow":["GET"]}}],"collection":[{"href":"https:\/\/activecontrol-systems.com\/es\/wp-json\/wp\/v2\/product"}],"about":[{"href":"https:\/\/activecontrol-systems.com\/es\/wp-json\/wp\/v2\/types\/product"}],"version-history":[{"count":0,"href":"https:\/\/activecontrol-systems.com\/es\/wp-json\/wp\/v2\/product\/14232\/revisions"}],"wp:featuredmedia":[{"embeddable":true,"href":"https:\/\/activecontrol-systems.com\/es\/wp-json\/wp\/v2\/media\/15697"}],"wp:attachment":[{"href":"https:\/\/activecontrol-systems.com\/es\/wp-json\/wp\/v2\/media?parent=14232"}],"wp:term":[{"taxonomy":"product_brand","embeddable":true,"href":"https:\/\/activecontrol-systems.com\/es\/wp-json\/wp\/v2\/product_brand?post=14232"},{"taxonomy":"product_cat","embeddable":true,"href":"https:\/\/activecontrol-systems.com\/es\/wp-json\/wp\/v2\/product_cat?post=14232"},{"taxonomy":"product_tag","embeddable":true,"href":"https:\/\/activecontrol-systems.com\/es\/wp-json\/wp\/v2\/product_tag?post=14232"}],"curies":[{"name":"wp","href":"https:\/\/api.w.org\/{rel}","templated":true}]}}