{"id":16032,"date":"2025-11-03T17:59:32","date_gmt":"2025-11-03T17:59:32","guid":{"rendered":"https:\/\/activecontrol-systems.com\/produto\/bateria-amote\/"},"modified":"2026-01-09T11:50:23","modified_gmt":"2026-01-09T11:50:23","slug":"bateria-amote","status":"publish","type":"product","link":"https:\/\/activecontrol-systems.com\/es\/producto\/bateria-amote\/","title":{"rendered":"AMOTE BATER\u00cdA"},"content":{"rendered":"","protected":false},"excerpt":{"rendered":"<p>La BATER\u00cdA AMOTE es una bater\u00eda primaria de litio duradera (3,6 V \/ 8 Ah) dise\u00f1ada para alimentar sensores AMOTE. Se caracteriza por alta estabilidad, baja autodescarga y una vida \u00fatil t\u00edpica de hasta cinco a\u00f1os1. <\/p>\n<p>Die Batterie ist wartungsfrei, benutzerfreundlich austauschbar und speziell f\u00fcr energieoptimierte Langzeitanwendungen entwickelt.<\/p>\n<p class=\"p1\">La bater\u00eda no requiere mantenimiento, puede ser reemplazada por el usuario y fue desarrollada espec\u00edficamente para aplicaciones de largo plazo optimizadas energ\u00e9ticamente. <\/p>\n<p>&#8212;<br \/>\n<em style=\"font-size: 12px;\"><sup>1<\/sup> Puede variar dependiendo de los ciclos de medici\u00f3n configurados. <\/em><\/p>\n","protected":false},"featured_media":15291,"template":"","meta":{"_acf_changed":false},"product_brand":[],"product_cat":[991],"product_tag":[],"class_list":{"0":"post-16032","1":"product","2":"type-product","3":"status-publish","4":"has-post-thumbnail","6":"product_cat-acessorios-es","9":"instock","10":"shipping-taxable","11":"purchasable","12":"product-type-simple","13":"product-grid-view"},"acf":[],"aioseo_notices":[],"_links":{"self":[{"href":"https:\/\/activecontrol-systems.com\/es\/wp-json\/wp\/v2\/product\/16032","targetHints":{"allow":["GET"]}}],"collection":[{"href":"https:\/\/activecontrol-systems.com\/es\/wp-json\/wp\/v2\/product"}],"about":[{"href":"https:\/\/activecontrol-systems.com\/es\/wp-json\/wp\/v2\/types\/product"}],"version-history":[{"count":0,"href":"https:\/\/activecontrol-systems.com\/es\/wp-json\/wp\/v2\/product\/16032\/revisions"}],"wp:featuredmedia":[{"embeddable":true,"href":"https:\/\/activecontrol-systems.com\/es\/wp-json\/wp\/v2\/media\/15291"}],"wp:attachment":[{"href":"https:\/\/activecontrol-systems.com\/es\/wp-json\/wp\/v2\/media?parent=16032"}],"wp:term":[{"taxonomy":"product_brand","embeddable":true,"href":"https:\/\/activecontrol-systems.com\/es\/wp-json\/wp\/v2\/product_brand?post=16032"},{"taxonomy":"product_cat","embeddable":true,"href":"https:\/\/activecontrol-systems.com\/es\/wp-json\/wp\/v2\/product_cat?post=16032"},{"taxonomy":"product_tag","embeddable":true,"href":"https:\/\/activecontrol-systems.com\/es\/wp-json\/wp\/v2\/product_tag?post=16032"}],"curies":[{"name":"wp","href":"https:\/\/api.w.org\/{rel}","templated":true}]}}