{"id":8904,"date":"2023-05-10T07:16:36","date_gmt":"2023-05-10T07:16:36","guid":{"rendered":"http:\/\/activecontrol-systems.com\/portfolio\/"},"modified":"2026-01-09T09:51:20","modified_gmt":"2026-01-09T09:51:20","slug":"portfolio","status":"publish","type":"page","link":"https:\/\/activecontrol-systems.com\/fr\/portfolio\/","title":{"rendered":"CAS D\u2019USAGE"},"content":{"rendered":"\t\t<div data-elementor-type=\"wp-page\" data-elementor-id=\"8904\" class=\"elementor elementor-8904 elementor-457\">\n\t\t\t\t<div class=\"elementor-element elementor-element-96f9101 wdt-no-full-section e-flex e-con-boxed e-con e-parent\" data-id=\"96f9101\" data-element_type=\"container\" data-settings=\"{&quot;background_background&quot;:&quot;classic&quot;}\">\n\t\t\t\t\t<div class=\"e-con-inner\">\n\t\t<div class=\"elementor-element elementor-element-38ef501 e-con-full e-flex e-con e-child\" data-id=\"38ef501\" data-element_type=\"container\">\n\t\t\t\t<div class=\"elementor-element elementor-element-877b1e8 elementor-widget__width-inherit elementor-widget-tablet_extra__width-initial elementor-widget elementor-widget-wdt-heading\" data-id=\"877b1e8\" data-element_type=\"widget\" data-settings=\"{&quot;wdt_animation_effect&quot;:&quot;none&quot;}\" data-widget_type=\"wdt-heading.default\">\n\t\t\t\t<div class=\"elementor-widget-container\">\n\t\t\t\t\t<div class=\"wdt-heading-holder \" id=\"wdt-heading-877b1e8\"><h2 class=\"wdt-heading-title-wrapper wdt-heading-align- wdt-heading-deco-wrapper\"><span class=\"wdt-heading-title\">SMART PROTECTION. <span class=\"wdt-heading-colored-elements\">REAL <\/span><span class=\"wdt-heading-colored-elements\">IMPACT <\/span><\/span><\/h2><\/div>\t\t\t\t<\/div>\n\t\t\t\t<\/div>\n\t\t\t\t<div class=\"elementor-element elementor-element-98d1f2d elementor-widget elementor-widget-text-editor\" data-id=\"98d1f2d\" data-element_type=\"widget\" data-settings=\"{&quot;wdt_animation_effect&quot;:&quot;none&quot;}\" data-widget_type=\"text-editor.default\">\n\t\t\t\t<div class=\"elementor-widget-container\">\n\t\t\t\t\t\t\t\t\t<p>Chaque application raconte une histoire de d\u00e9fis, de solutions et de r\u00e9sultats durables. Nos syst\u00e8mes sont utilis\u00e9s partout o\u00f9 les ouvrages doivent r\u00e9sister chaque jour aux charges les plus \u00e9lev\u00e9es.  <\/p><p>Des ponts et tunnels aux parkings \u2014 la technologie garantit s\u00e9curit\u00e9, transparence et maintenance pr\u00e9visible.<\/p><p><span class=\"blue\"><b> Qu\u2019est-ce qui relie tous ces projets?<\/b><\/span><\/p><p>Un objectif commun : pr\u00e9server les ouvrages avant qu\u2019ils ne subissent des dommages.<\/p>\t\t\t\t\t\t\t\t<\/div>\n\t\t\t\t<\/div>\n\t\t\t\t<\/div>\n\t\t\t\t\t<\/div>\n\t\t\t\t<\/div>\n\t\t\t\t<\/div>\n\t\t","protected":false},"excerpt":{"rendered":"<p>SMART PROTECTION. REAL IMPACT Chaque application raconte une histoire de d\u00e9fis, de solutions et de r\u00e9sultats durables. Nos syst\u00e8mes sont utilis\u00e9s partout o\u00f9 les ouvrages doivent r\u00e9sister chaque jour aux charges les plus \u00e9lev\u00e9es. Des ponts et tunnels aux parkings \u2014 la technologie garantit s\u00e9curit\u00e9, transparence et maintenance pr\u00e9visible. Qu\u2019est-ce qui relie tous ces projets? [&hellip;]<\/p>\n","protected":false},"author":1,"featured_media":0,"parent":0,"menu_order":0,"comment_status":"closed","ping_status":"closed","template":"elementor_header_footer","meta":{"_acf_changed":false,"footnotes":""},"class_list":["post-8904","page","type-page","status-publish","hentry"],"acf":[],"aioseo_notices":[],"_links":{"self":[{"href":"https:\/\/activecontrol-systems.com\/fr\/wp-json\/wp\/v2\/pages\/8904","targetHints":{"allow":["GET"]}}],"collection":[{"href":"https:\/\/activecontrol-systems.com\/fr\/wp-json\/wp\/v2\/pages"}],"about":[{"href":"https:\/\/activecontrol-systems.com\/fr\/wp-json\/wp\/v2\/types\/page"}],"author":[{"embeddable":true,"href":"https:\/\/activecontrol-systems.com\/fr\/wp-json\/wp\/v2\/users\/1"}],"replies":[{"embeddable":true,"href":"https:\/\/activecontrol-systems.com\/fr\/wp-json\/wp\/v2\/comments?post=8904"}],"version-history":[{"count":0,"href":"https:\/\/activecontrol-systems.com\/fr\/wp-json\/wp\/v2\/pages\/8904\/revisions"}],"wp:attachment":[{"href":"https:\/\/activecontrol-systems.com\/fr\/wp-json\/wp\/v2\/media?parent=8904"}],"curies":[{"name":"wp","href":"https:\/\/api.w.org\/{rel}","templated":true}]}}