{"id":13705,"date":"2025-07-30T10:30:59","date_gmt":"2025-07-30T10:30:59","guid":{"rendered":"http:\/\/activecontrol-systems.com\/produto\/sensors\/"},"modified":"2026-03-24T16:23:05","modified_gmt":"2026-03-24T16:23:05","slug":"sensors","status":"publish","type":"product","link":"https:\/\/activecontrol-systems.com\/fr\/produit\/sensors\/","title":{"rendered":"CAPTEURS"},"content":{"rendered":"","protected":false},"excerpt":{"rendered":"<p>Nous proposons une s\u00e9lection de capteurs pour une surveillance pr\u00e9cise et continue de tous les param\u00e8tres pertinents. Ceux-ci comprennent:<\/p>\n<ul>\n<li>Type P : mesure du potentiel<\/li>\n<li>Type C : mesure du courant ZRA<\/li>\n<li><strong>Z-Type :<\/strong> mesure de l&rsquo;imp\u00e9dance<\/li>\n<li>Type T : mesure de la temp\u00e9rature<\/li>\n<li>Type RH : mesure de l\u2019humidit\u00e9 relative<\/li>\n<\/ul>\n<p>Vous recherchez un composant sp\u00e9cifique ou une version personnalis\u00e9e? Nous serons ravis de vous aider \u2014 envoyez-nous simplement votre demande et nous trouverons ensemble la solution adapt\u00e9e.<br \/>\n<span dir=\"auto\" style=\"vertical-align: inherit;\">&#8212;  <\/span><br \/>\n<em style=\"font-size: 12px;\"><sup><span dir=\"auto\" style=\"vertical-align: inherit;\">1<\/span><\/sup><span dir=\"auto\" style=\"vertical-align: inherit;\"> Image non contractuelle. Le produit r\u00e9el peut diff\u00e9rer en couleur ou en design. <\/span><\/em><\/p>\n","protected":false},"featured_media":15299,"template":"","meta":{"_acf_changed":false},"product_brand":[],"product_cat":[990],"product_tag":[],"class_list":{"0":"post-13705","1":"product","2":"type-product","3":"status-publish","4":"has-post-thumbnail","6":"product_cat-connections-fr","9":"instock","10":"shipping-taxable","11":"purchasable","12":"product-type-variable","13":"product-grid-view"},"acf":[],"aioseo_notices":[],"_links":{"self":[{"href":"https:\/\/activecontrol-systems.com\/fr\/wp-json\/wp\/v2\/product\/13705","targetHints":{"allow":["GET"]}}],"collection":[{"href":"https:\/\/activecontrol-systems.com\/fr\/wp-json\/wp\/v2\/product"}],"about":[{"href":"https:\/\/activecontrol-systems.com\/fr\/wp-json\/wp\/v2\/types\/product"}],"version-history":[{"count":1,"href":"https:\/\/activecontrol-systems.com\/fr\/wp-json\/wp\/v2\/product\/13705\/revisions"}],"predecessor-version":[{"id":41710,"href":"https:\/\/activecontrol-systems.com\/fr\/wp-json\/wp\/v2\/product\/13705\/revisions\/41710"}],"wp:featuredmedia":[{"embeddable":true,"href":"https:\/\/activecontrol-systems.com\/fr\/wp-json\/wp\/v2\/media\/15299"}],"wp:attachment":[{"href":"https:\/\/activecontrol-systems.com\/fr\/wp-json\/wp\/v2\/media?parent=13705"}],"wp:term":[{"taxonomy":"product_brand","embeddable":true,"href":"https:\/\/activecontrol-systems.com\/fr\/wp-json\/wp\/v2\/product_brand?post=13705"},{"taxonomy":"product_cat","embeddable":true,"href":"https:\/\/activecontrol-systems.com\/fr\/wp-json\/wp\/v2\/product_cat?post=13705"},{"taxonomy":"product_tag","embeddable":true,"href":"https:\/\/activecontrol-systems.com\/fr\/wp-json\/wp\/v2\/product_tag?post=13705"}],"curies":[{"name":"wp","href":"https:\/\/api.w.org\/{rel}","templated":true}]}}