{"id":13839,"date":"2025-07-30T11:58:33","date_gmt":"2025-07-30T11:58:33","guid":{"rendered":"http:\/\/activecontrol-systems.com\/produto\/cable\/"},"modified":"2026-01-09T10:21:50","modified_gmt":"2026-01-09T10:21:50","slug":"cable","status":"publish","type":"product","link":"https:\/\/activecontrol-systems.com\/fr\/produit\/cable\/","title":{"rendered":"C\u00c2BLE"},"content":{"rendered":"","protected":false},"excerpt":{"rendered":"<p>C\u00c2BLE POUR PROTECTION CATHODIQUE CONTRE LA CORROSION<br \/>\nLe c\u00e2ble DC \u00e0 double isolation est disponible en plusieurs versions et a \u00e9t\u00e9 sp\u00e9cialement d\u00e9velopp\u00e9 pour une utilisation en protection cathodique contre la corrosion. Le conducteur est constitu\u00e9 de fil de cuivre nu. Les \u00e2mes sont isol\u00e9es en poly\u00e9thyl\u00e8ne r\u00e9ticul\u00e9 (XLPE) ou en PVC et prot\u00e9g\u00e9es en plus par une gaine ext\u00e9rieure en PVC. <\/p>\n","protected":false},"featured_media":15304,"template":"","meta":{"_acf_changed":false},"product_brand":[],"product_cat":[989],"product_tag":[],"class_list":{"0":"post-13839","1":"product","2":"type-product","3":"status-publish","4":"has-post-thumbnail","6":"product_cat-cable-fr","9":"instock","10":"shipping-taxable","11":"purchasable","12":"product-type-variable","13":"product-grid-view"},"acf":[],"aioseo_notices":[],"_links":{"self":[{"href":"https:\/\/activecontrol-systems.com\/fr\/wp-json\/wp\/v2\/product\/13839","targetHints":{"allow":["GET"]}}],"collection":[{"href":"https:\/\/activecontrol-systems.com\/fr\/wp-json\/wp\/v2\/product"}],"about":[{"href":"https:\/\/activecontrol-systems.com\/fr\/wp-json\/wp\/v2\/types\/product"}],"version-history":[{"count":0,"href":"https:\/\/activecontrol-systems.com\/fr\/wp-json\/wp\/v2\/product\/13839\/revisions"}],"wp:featuredmedia":[{"embeddable":true,"href":"https:\/\/activecontrol-systems.com\/fr\/wp-json\/wp\/v2\/media\/15304"}],"wp:attachment":[{"href":"https:\/\/activecontrol-systems.com\/fr\/wp-json\/wp\/v2\/media?parent=13839"}],"wp:term":[{"taxonomy":"product_brand","embeddable":true,"href":"https:\/\/activecontrol-systems.com\/fr\/wp-json\/wp\/v2\/product_brand?post=13839"},{"taxonomy":"product_cat","embeddable":true,"href":"https:\/\/activecontrol-systems.com\/fr\/wp-json\/wp\/v2\/product_cat?post=13839"},{"taxonomy":"product_tag","embeddable":true,"href":"https:\/\/activecontrol-systems.com\/fr\/wp-json\/wp\/v2\/product_tag?post=13839"}],"curies":[{"name":"wp","href":"https:\/\/api.w.org\/{rel}","templated":true}]}}