{"id":13900,"date":"2025-07-30T12:12:45","date_gmt":"2025-07-30T12:12:45","guid":{"rendered":"http:\/\/activecontrol-systems.com\/produto\/afix\/"},"modified":"2026-01-09T10:45:30","modified_gmt":"2026-01-09T10:45:30","slug":"afix","status":"publish","type":"product","link":"https:\/\/activecontrol-systems.com\/fr\/produit\/afix\/","title":{"rendered":"AFIX"},"content":{"rendered":"","protected":false},"excerpt":{"rendered":"<p>AFIX est une cheville de fixation sp\u00e9cialement con\u00e7ue pour fixer les rubans et fils d\u2019anodes primaires ainsi que les anodes en titane MMO sous forme de rubans et de mailles.<\/p>\n<p>Sa g\u00e9om\u00e9trie ergonomique et compacte permet une manipulation particuli\u00e8rement efficace et une adh\u00e9rence optimale avec le mortier de couplage. Sa forme est bas\u00e9e sur une vaste exp\u00e9rience pratique et a \u00e9t\u00e9 continuellement am\u00e9lior\u00e9e et optimis\u00e9e gr\u00e2ce \u00e0 un d\u00e9veloppement permanent.<\/p>\n","protected":false},"featured_media":15274,"template":"","meta":{"_acf_changed":false},"product_brand":[],"product_cat":[986],"product_tag":[],"class_list":{"0":"post-13900","1":"product","2":"type-product","3":"status-publish","4":"has-post-thumbnail","6":"product_cat-add-ons-fr","9":"instock","10":"shipping-taxable","11":"purchasable","12":"product-type-variable","13":"product-grid-view"},"acf":[],"aioseo_notices":[],"_links":{"self":[{"href":"https:\/\/activecontrol-systems.com\/fr\/wp-json\/wp\/v2\/product\/13900","targetHints":{"allow":["GET"]}}],"collection":[{"href":"https:\/\/activecontrol-systems.com\/fr\/wp-json\/wp\/v2\/product"}],"about":[{"href":"https:\/\/activecontrol-systems.com\/fr\/wp-json\/wp\/v2\/types\/product"}],"version-history":[{"count":0,"href":"https:\/\/activecontrol-systems.com\/fr\/wp-json\/wp\/v2\/product\/13900\/revisions"}],"wp:featuredmedia":[{"embeddable":true,"href":"https:\/\/activecontrol-systems.com\/fr\/wp-json\/wp\/v2\/media\/15274"}],"wp:attachment":[{"href":"https:\/\/activecontrol-systems.com\/fr\/wp-json\/wp\/v2\/media?parent=13900"}],"wp:term":[{"taxonomy":"product_brand","embeddable":true,"href":"https:\/\/activecontrol-systems.com\/fr\/wp-json\/wp\/v2\/product_brand?post=13900"},{"taxonomy":"product_cat","embeddable":true,"href":"https:\/\/activecontrol-systems.com\/fr\/wp-json\/wp\/v2\/product_cat?post=13900"},{"taxonomy":"product_tag","embeddable":true,"href":"https:\/\/activecontrol-systems.com\/fr\/wp-json\/wp\/v2\/product_tag?post=13900"}],"curies":[{"name":"wp","href":"https:\/\/api.w.org\/{rel}","templated":true}]}}