{"id":13919,"date":"2025-07-30T13:54:27","date_gmt":"2025-07-30T13:54:27","guid":{"rendered":"http:\/\/activecontrol-systems.com\/produto\/aconnect\/"},"modified":"2026-01-09T10:42:46","modified_gmt":"2026-01-09T10:42:46","slug":"aconnect","status":"publish","type":"product","link":"https:\/\/activecontrol-systems.com\/fr\/produit\/aconnect\/","title":{"rendered":"ACONNECT"},"content":{"rendered":"","protected":false},"excerpt":{"rendered":"<p>ACONNECT est un modem 5G LTE avec prise en charge PoE dans un bo\u00eetier robuste, \u00e9quip\u00e9 d\u2019antennes int\u00e9gr\u00e9es et de param\u00e8tres pr\u00e9configur\u00e9s pour \u00e9tablir une connexion fiable entre l\u2019ACTIVELINK GATEWAY et l\u2019APORTAL.<\/p>\n<p>ACONNECT est disponible avec abonnement annuel (carte SIM incluse avec forfait data) ou sans.<\/p>\n<p>En cas de choix d\u2019un abonnement annuel, un contrat de donn\u00e9es s\u00e9par\u00e9 est conclu. Cet abonnement est valable 1 an.<\/p>\n<p>L\u2019abonnement annuel comprend le service suivant:<\/p>\n<ul>\n<li>Connexion sans fil, y compris carte SIM<\/li>\n<li>2 Go de volume de donn\u00e9es par mois<\/li>\n<\/ul>\n<p>Nous serons heureux de vous expliquer les conditions contractuelles exactes en d\u00e9tail apr\u00e8s r\u00e9ception de votre demande.<\/p>\n","protected":false},"featured_media":15269,"template":"","meta":{"_acf_changed":false},"product_brand":[],"product_cat":[986],"product_tag":[],"class_list":{"0":"post-13919","1":"product","2":"type-product","3":"status-publish","4":"has-post-thumbnail","6":"product_cat-add-ons-fr","9":"instock","10":"shipping-taxable","11":"purchasable","12":"product-type-variable","13":"product-grid-view"},"acf":[],"aioseo_notices":[],"_links":{"self":[{"href":"https:\/\/activecontrol-systems.com\/fr\/wp-json\/wp\/v2\/product\/13919","targetHints":{"allow":["GET"]}}],"collection":[{"href":"https:\/\/activecontrol-systems.com\/fr\/wp-json\/wp\/v2\/product"}],"about":[{"href":"https:\/\/activecontrol-systems.com\/fr\/wp-json\/wp\/v2\/types\/product"}],"version-history":[{"count":0,"href":"https:\/\/activecontrol-systems.com\/fr\/wp-json\/wp\/v2\/product\/13919\/revisions"}],"wp:featuredmedia":[{"embeddable":true,"href":"https:\/\/activecontrol-systems.com\/fr\/wp-json\/wp\/v2\/media\/15269"}],"wp:attachment":[{"href":"https:\/\/activecontrol-systems.com\/fr\/wp-json\/wp\/v2\/media?parent=13919"}],"wp:term":[{"taxonomy":"product_brand","embeddable":true,"href":"https:\/\/activecontrol-systems.com\/fr\/wp-json\/wp\/v2\/product_brand?post=13919"},{"taxonomy":"product_cat","embeddable":true,"href":"https:\/\/activecontrol-systems.com\/fr\/wp-json\/wp\/v2\/product_cat?post=13919"},{"taxonomy":"product_tag","embeddable":true,"href":"https:\/\/activecontrol-systems.com\/fr\/wp-json\/wp\/v2\/product_tag?post=13919"}],"curies":[{"name":"wp","href":"https:\/\/api.w.org\/{rel}","templated":true}]}}