{"id":14138,"date":"2025-10-10T14:12:11","date_gmt":"2025-10-10T14:12:11","guid":{"rendered":"http:\/\/activecontrol-systems.com\/produto\/alink-apwrlink\/"},"modified":"2026-03-25T11:11:32","modified_gmt":"2026-03-25T11:11:32","slug":"activelink-apwrlink","status":"publish","type":"product","link":"https:\/\/activecontrol-systems.com\/fr\/produit\/activelink-apwrlink\/","title":{"rendered":"ACTIVELINK \/ APWRLINK"},"content":{"rendered":"","protected":false},"excerpt":{"rendered":"<p>L\u2019ACTIVELINK est l\u2019armoire de commande centrale et constitue le c\u0153ur du syst\u00e8me en reliant tous les composants en \u00e9nergie et en donn\u00e9es. Pour les syst\u00e8mes plus importants, des stations APWRLINK suppl\u00e9mentaires peuvent \u00eatre int\u00e9gr\u00e9es afin d\u2019augmenter le nombre d\u2019appareils raccord\u00e9s. <\/p>\n[INSERT_ELEMENTOR id=\"15654\"]\n","protected":false},"featured_media":29222,"template":"","meta":{"_acf_changed":false},"product_brand":[],"product_cat":[987],"product_tag":[],"class_list":{"0":"post-14138","1":"product","2":"type-product","3":"status-publish","4":"has-post-thumbnail","6":"product_cat-adevices-fr","9":"instock","10":"shipping-taxable","11":"purchasable","12":"product-type-variable","13":"product-grid-view"},"acf":[],"aioseo_notices":[],"_links":{"self":[{"href":"https:\/\/activecontrol-systems.com\/fr\/wp-json\/wp\/v2\/product\/14138","targetHints":{"allow":["GET"]}}],"collection":[{"href":"https:\/\/activecontrol-systems.com\/fr\/wp-json\/wp\/v2\/product"}],"about":[{"href":"https:\/\/activecontrol-systems.com\/fr\/wp-json\/wp\/v2\/types\/product"}],"version-history":[{"count":2,"href":"https:\/\/activecontrol-systems.com\/fr\/wp-json\/wp\/v2\/product\/14138\/revisions"}],"predecessor-version":[{"id":16329,"href":"https:\/\/activecontrol-systems.com\/fr\/wp-json\/wp\/v2\/product\/14138\/revisions\/16329"}],"wp:featuredmedia":[{"embeddable":true,"href":"https:\/\/activecontrol-systems.com\/fr\/wp-json\/wp\/v2\/media\/29222"}],"wp:attachment":[{"href":"https:\/\/activecontrol-systems.com\/fr\/wp-json\/wp\/v2\/media?parent=14138"}],"wp:term":[{"taxonomy":"product_brand","embeddable":true,"href":"https:\/\/activecontrol-systems.com\/fr\/wp-json\/wp\/v2\/product_brand?post=14138"},{"taxonomy":"product_cat","embeddable":true,"href":"https:\/\/activecontrol-systems.com\/fr\/wp-json\/wp\/v2\/product_cat?post=14138"},{"taxonomy":"product_tag","embeddable":true,"href":"https:\/\/activecontrol-systems.com\/fr\/wp-json\/wp\/v2\/product_tag?post=14138"}],"curies":[{"name":"wp","href":"https:\/\/api.w.org\/{rel}","templated":true}]}}