{"id":14153,"date":"2025-10-10T15:23:29","date_gmt":"2025-10-10T15:23:29","guid":{"rendered":"http:\/\/activecontrol-systems.com\/produto\/apwrhub\/"},"modified":"2026-01-09T10:08:16","modified_gmt":"2026-01-09T10:08:16","slug":"apwrhub","status":"publish","type":"product","link":"https:\/\/activecontrol-systems.com\/fr\/produit\/apwrhub\/","title":{"rendered":"APWRHUB"},"content":{"rendered":"","protected":false},"excerpt":{"rendered":"<p class=\"p1\">APWRHUB est une unit\u00e9 d\u2019alimentation puissante \u00e0 4 canaux d\u00e9velopp\u00e9e pour les syst\u00e8mes de protection cathodique contre la corrosion, actifs et passifs. Elle offre une gestion \u00e9nerg\u00e9tique pr\u00e9cise ainsi que des fonctions d\u2019auto-surveillance int\u00e9gr\u00e9es. <\/p>\n<p>L\u2019appareil, connect\u00e9 via Ethernet, peut \u00eatre int\u00e9gr\u00e9 de fa\u00e7on transparente via l\u2019ALINK Gateway et configur\u00e9 \u00e0 distance de mani\u00e8re pratique via l\u2019APORTAL.<\/p>\n<p>En outre, l\u2019APWRHUB fonctionne comme une unit\u00e9 ma\u00eetre et un hub de communication. Cela permet de connecter des unit\u00e9s AMOTE via un r\u00e9seau maill\u00e9 ainsi que d\u2019autres APWRHUB avec une port\u00e9e allant jusqu\u2019\u00e0 800 m1. Les possibilit\u00e9s d\u2019extension du syst\u00e8me sont pratiquement illimit\u00e9es.  <\/p>\n<p>Pour la transition entre l\u2019APWRHUB et le conduit de c\u00e2bles parall\u00e8le, une pi\u00e8ce de d\u00e9rivation optionnelle sp\u00e9cialement d\u00e9velopp\u00e9e est disponible. Elle facilite l\u2019entr\u00e9e des c\u00e2bles, sert de protection visuelle et prot\u00e8ge contre les influences ext\u00e9rieures. <\/p>\n<p><span dir=\"auto\" style=\"vertical-align: inherit;\"><span dir=\"auto\" style=\"vertical-align: inherit;\">&#8212;  <\/span><\/span><br \/>\n<em style=\"font-size: 12px;\"><sup><span dir=\"auto\" style=\"vertical-align: inherit;\"><span dir=\"auto\" style=\"vertical-align: inherit;\">1 <\/span><\/span><\/sup>La port\u00e9e r\u00e9ellement atteignable peut \u00eatre r\u00e9duite en raison de conditions structurelles telles que des murs, portes coupe-feu ou composants m\u00e9talliques.<\/em><\/p>\n","protected":false},"featured_media":29188,"template":"","meta":{"_acf_changed":false},"product_brand":[],"product_cat":[987],"product_tag":[],"class_list":{"0":"post-14153","1":"product","2":"type-product","3":"status-publish","4":"has-post-thumbnail","6":"product_cat-adevices-fr","9":"instock","10":"shipping-taxable","11":"purchasable","12":"product-type-variable","13":"product-grid-view"},"acf":[],"aioseo_notices":[],"_links":{"self":[{"href":"https:\/\/activecontrol-systems.com\/fr\/wp-json\/wp\/v2\/product\/14153","targetHints":{"allow":["GET"]}}],"collection":[{"href":"https:\/\/activecontrol-systems.com\/fr\/wp-json\/wp\/v2\/product"}],"about":[{"href":"https:\/\/activecontrol-systems.com\/fr\/wp-json\/wp\/v2\/types\/product"}],"version-history":[{"count":0,"href":"https:\/\/activecontrol-systems.com\/fr\/wp-json\/wp\/v2\/product\/14153\/revisions"}],"wp:featuredmedia":[{"embeddable":true,"href":"https:\/\/activecontrol-systems.com\/fr\/wp-json\/wp\/v2\/media\/29188"}],"wp:attachment":[{"href":"https:\/\/activecontrol-systems.com\/fr\/wp-json\/wp\/v2\/media?parent=14153"}],"wp:term":[{"taxonomy":"product_brand","embeddable":true,"href":"https:\/\/activecontrol-systems.com\/fr\/wp-json\/wp\/v2\/product_brand?post=14153"},{"taxonomy":"product_cat","embeddable":true,"href":"https:\/\/activecontrol-systems.com\/fr\/wp-json\/wp\/v2\/product_cat?post=14153"},{"taxonomy":"product_tag","embeddable":true,"href":"https:\/\/activecontrol-systems.com\/fr\/wp-json\/wp\/v2\/product_tag?post=14153"}],"curies":[{"name":"wp","href":"https:\/\/api.w.org\/{rel}","templated":true}]}}