{"id":14165,"date":"2025-10-10T15:46:29","date_gmt":"2025-10-10T15:46:29","guid":{"rendered":"http:\/\/activecontrol-systems.com\/produto\/amote\/"},"modified":"2026-01-26T12:29:38","modified_gmt":"2026-01-26T12:29:38","slug":"amote","status":"publish","type":"product","link":"https:\/\/activecontrol-systems.com\/fr\/produit\/amote\/","title":{"rendered":"AMOTE"},"content":{"rendered":"","protected":false},"excerpt":{"rendered":"<p>AMOTE est un n\u0153ud capteur intelligent sans fil \u00e0 double canal pour mesurer potentiels, amp\u00e8rem\u00e8tre \u00e0 r\u00e9sistance z\u00e9ro (ZRA), imp\u00e9dance, courant, temp\u00e9rature et humidit\u00e9. Le n\u0153ud fait partie d\u2019un r\u00e9seau maill\u00e9 et permet la collecte de donn\u00e9es dans des environnements difficiles d\u2019acc\u00e8s et de grande envergure. <\/p>\n<p>AMOTE peut \u00eatre aliment\u00e9 au choix par batterie ou par syst\u00e8me solaire et se caract\u00e9rise par une faible consommation \u00e9nerg\u00e9tique. Le module est sp\u00e9cialement con\u00e7u pour communiquer avec les APWRHUB, qui agissent comme serveurs et ponts de communication vers un r\u00e9seau c\u00e2bl\u00e9 et transmettent les donn\u00e9es \u00e0 l\u2019ALINK Gateway <\/p>\n<p><span dir=\"auto\" style=\"vertical-align: inherit;\">&#8212;  <\/span><br \/>\n<em style=\"font-size: 12px;\">M-CAT-AMOTE Module de mesure sans fil double canal pour syst\u00e8mes de protection contre la corrosion. Mesure potentiel, courant, temp\u00e9rature et humidit\u00e9 \u2014 avec alimentation externe ou interne.<\/em><\/p>\n","protected":false},"featured_media":37622,"template":"","meta":{"_acf_changed":false},"product_brand":[],"product_cat":[987],"product_tag":[],"class_list":{"0":"post-14165","1":"product","2":"type-product","3":"status-publish","4":"has-post-thumbnail","6":"product_cat-adevices-fr","9":"instock","10":"shipping-taxable","11":"purchasable","12":"product-type-variable","13":"product-grid-view"},"acf":[],"aioseo_notices":[],"_links":{"self":[{"href":"https:\/\/activecontrol-systems.com\/fr\/wp-json\/wp\/v2\/product\/14165","targetHints":{"allow":["GET"]}}],"collection":[{"href":"https:\/\/activecontrol-systems.com\/fr\/wp-json\/wp\/v2\/product"}],"about":[{"href":"https:\/\/activecontrol-systems.com\/fr\/wp-json\/wp\/v2\/types\/product"}],"version-history":[{"count":1,"href":"https:\/\/activecontrol-systems.com\/fr\/wp-json\/wp\/v2\/product\/14165\/revisions"}],"predecessor-version":[{"id":16335,"href":"https:\/\/activecontrol-systems.com\/fr\/wp-json\/wp\/v2\/product\/14165\/revisions\/16335"}],"wp:featuredmedia":[{"embeddable":true,"href":"https:\/\/activecontrol-systems.com\/fr\/wp-json\/wp\/v2\/media\/37622"}],"wp:attachment":[{"href":"https:\/\/activecontrol-systems.com\/fr\/wp-json\/wp\/v2\/media?parent=14165"}],"wp:term":[{"taxonomy":"product_brand","embeddable":true,"href":"https:\/\/activecontrol-systems.com\/fr\/wp-json\/wp\/v2\/product_brand?post=14165"},{"taxonomy":"product_cat","embeddable":true,"href":"https:\/\/activecontrol-systems.com\/fr\/wp-json\/wp\/v2\/product_cat?post=14165"},{"taxonomy":"product_tag","embeddable":true,"href":"https:\/\/activecontrol-systems.com\/fr\/wp-json\/wp\/v2\/product_tag?post=14165"}],"curies":[{"name":"wp","href":"https:\/\/api.w.org\/{rel}","templated":true}]}}