{"id":14170,"date":"2025-10-10T16:20:06","date_gmt":"2025-10-10T16:20:06","guid":{"rendered":"http:\/\/activecontrol-systems.com\/produto\/apad\/"},"modified":"2026-01-09T10:15:50","modified_gmt":"2026-01-09T10:15:50","slug":"apad","status":"publish","type":"product","link":"https:\/\/activecontrol-systems.com\/fr\/produit\/apad\/","title":{"rendered":"APAD"},"content":{"rendered":"","protected":false},"excerpt":{"rendered":"<p>L\u2019APAD est un dispositif d\u2019interface compact sp\u00e9cialement d\u00e9velopp\u00e9 pour la configuration locale et la surveillance de l\u2019\u00e9tat de l\u2019APWRHUB et des AMOTE associ\u00e9s lors de l\u2019installation, de la mise en service et de l\u2019exploitation.<\/p>\n<p>Il permet un diagnostic direct du syst\u00e8me et une configuration pratique sur site. Il sert \u00e9galement d\u2019\u00e9cran externe pour visualiser les valeurs de mesure enregistr\u00e9es. <\/p>\n","protected":false},"featured_media":15334,"template":"","meta":{"_acf_changed":false},"product_brand":[],"product_cat":[987],"product_tag":[],"class_list":{"0":"post-14170","1":"product","2":"type-product","3":"status-publish","4":"has-post-thumbnail","6":"product_cat-adevices-fr","9":"instock","10":"shipping-taxable","11":"purchasable","12":"product-type-simple","13":"product-grid-view"},"acf":[],"aioseo_notices":[],"_links":{"self":[{"href":"https:\/\/activecontrol-systems.com\/fr\/wp-json\/wp\/v2\/product\/14170","targetHints":{"allow":["GET"]}}],"collection":[{"href":"https:\/\/activecontrol-systems.com\/fr\/wp-json\/wp\/v2\/product"}],"about":[{"href":"https:\/\/activecontrol-systems.com\/fr\/wp-json\/wp\/v2\/types\/product"}],"version-history":[{"count":0,"href":"https:\/\/activecontrol-systems.com\/fr\/wp-json\/wp\/v2\/product\/14170\/revisions"}],"wp:featuredmedia":[{"embeddable":true,"href":"https:\/\/activecontrol-systems.com\/fr\/wp-json\/wp\/v2\/media\/15334"}],"wp:attachment":[{"href":"https:\/\/activecontrol-systems.com\/fr\/wp-json\/wp\/v2\/media?parent=14170"}],"wp:term":[{"taxonomy":"product_brand","embeddable":true,"href":"https:\/\/activecontrol-systems.com\/fr\/wp-json\/wp\/v2\/product_brand?post=14170"},{"taxonomy":"product_cat","embeddable":true,"href":"https:\/\/activecontrol-systems.com\/fr\/wp-json\/wp\/v2\/product_cat?post=14170"},{"taxonomy":"product_tag","embeddable":true,"href":"https:\/\/activecontrol-systems.com\/fr\/wp-json\/wp\/v2\/product_tag?post=14170"}],"curies":[{"name":"wp","href":"https:\/\/api.w.org\/{rel}","templated":true}]}}