{"id":14194,"date":"2025-10-10T16:28:42","date_gmt":"2025-10-10T16:28:42","guid":{"rendered":"http:\/\/activecontrol-systems.com\/produto\/aportal\/"},"modified":"2026-01-09T17:11:00","modified_gmt":"2026-01-09T17:11:00","slug":"aportal","status":"publish","type":"product","link":"https:\/\/activecontrol-systems.com\/fr\/produit\/aportal\/","title":{"rendered":"APORTAL"},"content":{"rendered":"","protected":false},"excerpt":{"rendered":"<p>L\u2019APORTAL est une plateforme cloud permettant la cr\u00e9ation d\u2019utilisateurs pour g\u00e9rer et visualiser des projets. Chaque projet dans le cloud repr\u00e9sente un jumeau num\u00e9rique de l\u2019ALINK install\u00e9 localement. Les param\u00e8tres et mises \u00e0 jour sont transf\u00e9r\u00e9s automatiquement.  <\/p>\n<p>Avec APORTAL, les projets peuvent \u00eatre configur\u00e9s, les syst\u00e8mes contr\u00f4l\u00e9s, les donn\u00e9es analys\u00e9es, les alarmes et cycles d\u2019inspection g\u00e9r\u00e9s, les rapports g\u00e9n\u00e9r\u00e9s et plusieurs clients organis\u00e9s avec diff\u00e9rents niveaux d\u2019autorisation<\/p>\n","protected":false},"featured_media":15045,"template":"","meta":{"_acf_changed":false},"product_brand":[],"product_cat":[987],"product_tag":[],"class_list":{"0":"post-14194","1":"product","2":"type-product","3":"status-publish","4":"has-post-thumbnail","6":"product_cat-adevices-fr","9":"instock","10":"virtual","11":"purchasable","12":"product-type-simple","13":"product-grid-view"},"acf":[],"aioseo_notices":[],"_links":{"self":[{"href":"https:\/\/activecontrol-systems.com\/fr\/wp-json\/wp\/v2\/product\/14194","targetHints":{"allow":["GET"]}}],"collection":[{"href":"https:\/\/activecontrol-systems.com\/fr\/wp-json\/wp\/v2\/product"}],"about":[{"href":"https:\/\/activecontrol-systems.com\/fr\/wp-json\/wp\/v2\/types\/product"}],"version-history":[{"count":0,"href":"https:\/\/activecontrol-systems.com\/fr\/wp-json\/wp\/v2\/product\/14194\/revisions"}],"wp:featuredmedia":[{"embeddable":true,"href":"https:\/\/activecontrol-systems.com\/fr\/wp-json\/wp\/v2\/media\/15045"}],"wp:attachment":[{"href":"https:\/\/activecontrol-systems.com\/fr\/wp-json\/wp\/v2\/media?parent=14194"}],"wp:term":[{"taxonomy":"product_brand","embeddable":true,"href":"https:\/\/activecontrol-systems.com\/fr\/wp-json\/wp\/v2\/product_brand?post=14194"},{"taxonomy":"product_cat","embeddable":true,"href":"https:\/\/activecontrol-systems.com\/fr\/wp-json\/wp\/v2\/product_cat?post=14194"},{"taxonomy":"product_tag","embeddable":true,"href":"https:\/\/activecontrol-systems.com\/fr\/wp-json\/wp\/v2\/product_tag?post=14194"}],"curies":[{"name":"wp","href":"https:\/\/api.w.org\/{rel}","templated":true}]}}