{"id":14225,"date":"2025-10-10T16:58:57","date_gmt":"2025-10-10T16:58:57","guid":{"rendered":"http:\/\/activecontrol-systems.com\/produto\/cable-hybride\/"},"modified":"2026-01-09T10:18:00","modified_gmt":"2026-01-09T10:18:00","slug":"cable-hybride","status":"publish","type":"product","link":"https:\/\/activecontrol-systems.com\/fr\/produit\/cable-hybride\/","title":{"rendered":"AHYBRID"},"content":{"rendered":"","protected":false},"excerpt":{"rendered":"<p>Le c\u00e2ble AHYBRID est un c\u00e2ble d\u2019alimentation DC avec communication Ethernet CAT5 int\u00e9gr\u00e9e. Ce c\u00e2ble combin\u00e9 est con\u00e7u pour les applications industrielles et permet la transmission simultan\u00e9e des donn\u00e9es et de l\u2019\u00e9nergie. <\/p>\n","protected":false},"featured_media":15695,"template":"","meta":{"_acf_changed":false},"product_brand":[],"product_cat":[989],"product_tag":[],"class_list":{"0":"post-14225","1":"product","2":"type-product","3":"status-publish","4":"has-post-thumbnail","6":"product_cat-cable-fr","9":"instock","10":"shipping-taxable","11":"purchasable","12":"product-type-simple","13":"product-grid-view"},"acf":[],"aioseo_notices":[],"_links":{"self":[{"href":"https:\/\/activecontrol-systems.com\/fr\/wp-json\/wp\/v2\/product\/14225","targetHints":{"allow":["GET"]}}],"collection":[{"href":"https:\/\/activecontrol-systems.com\/fr\/wp-json\/wp\/v2\/product"}],"about":[{"href":"https:\/\/activecontrol-systems.com\/fr\/wp-json\/wp\/v2\/types\/product"}],"version-history":[{"count":0,"href":"https:\/\/activecontrol-systems.com\/fr\/wp-json\/wp\/v2\/product\/14225\/revisions"}],"wp:featuredmedia":[{"embeddable":true,"href":"https:\/\/activecontrol-systems.com\/fr\/wp-json\/wp\/v2\/media\/15695"}],"wp:attachment":[{"href":"https:\/\/activecontrol-systems.com\/fr\/wp-json\/wp\/v2\/media?parent=14225"}],"wp:term":[{"taxonomy":"product_brand","embeddable":true,"href":"https:\/\/activecontrol-systems.com\/fr\/wp-json\/wp\/v2\/product_brand?post=14225"},{"taxonomy":"product_cat","embeddable":true,"href":"https:\/\/activecontrol-systems.com\/fr\/wp-json\/wp\/v2\/product_cat?post=14225"},{"taxonomy":"product_tag","embeddable":true,"href":"https:\/\/activecontrol-systems.com\/fr\/wp-json\/wp\/v2\/product_tag?post=14225"}],"curies":[{"name":"wp","href":"https:\/\/api.w.org\/{rel}","templated":true}]}}