{"id":16074,"date":"2025-11-03T17:59:32","date_gmt":"2025-11-03T17:59:32","guid":{"rendered":"https:\/\/activecontrol-systems.com\/produto\/batterie-amote\/"},"modified":"2026-01-09T11:51:12","modified_gmt":"2026-01-09T11:51:12","slug":"batterie-amote","status":"publish","type":"product","link":"https:\/\/activecontrol-systems.com\/fr\/produit\/batterie-amote\/","title":{"rendered":"AMOTE BATTERIE"},"content":{"rendered":"","protected":false},"excerpt":{"rendered":"<p>La BATTERIE AMOTE est une batterie primaire au lithium durable (3,6 V \/ 8 Ah) con\u00e7ue pour alimenter les capteurs AMOTE. Elle se distingue par une grande stabilit\u00e9, une faible autod\u00e9charge et une dur\u00e9e de vie typique pouvant aller jusqu\u2019\u00e0 cinq ans1. <\/p>\n<p>La batterie est sans maintenance, rempla\u00e7able par l\u2019utilisateur et sp\u00e9cialement d\u00e9velopp\u00e9e pour des applications longue dur\u00e9e optimis\u00e9es en \u00e9nergie.<\/p>\n<p class=\"p1\"><strong>Hinweis:<\/strong> Abbildungen k\u00f6nnen vom tats\u00e4chlichen Produkt abweichen. Ma\u00dfgeblich sind die in der Produktbeschreibung genannten Merkmale. <\/p>\n<p>&#8212;<br \/>\n<em style=\"font-size: 12px;\"><sup>1<\/sup> Peut varier selon les cycles de mesure configur\u00e9s. <\/em><\/p>\n","protected":false},"featured_media":15289,"template":"","meta":{"_acf_changed":false},"product_brand":[],"product_cat":[986],"product_tag":[],"class_list":{"0":"post-16074","1":"product","2":"type-product","3":"status-publish","4":"has-post-thumbnail","6":"product_cat-add-ons-fr","9":"instock","10":"shipping-taxable","11":"purchasable","12":"product-type-simple","13":"product-grid-view"},"acf":[],"aioseo_notices":[],"_links":{"self":[{"href":"https:\/\/activecontrol-systems.com\/fr\/wp-json\/wp\/v2\/product\/16074","targetHints":{"allow":["GET"]}}],"collection":[{"href":"https:\/\/activecontrol-systems.com\/fr\/wp-json\/wp\/v2\/product"}],"about":[{"href":"https:\/\/activecontrol-systems.com\/fr\/wp-json\/wp\/v2\/types\/product"}],"version-history":[{"count":0,"href":"https:\/\/activecontrol-systems.com\/fr\/wp-json\/wp\/v2\/product\/16074\/revisions"}],"wp:featuredmedia":[{"embeddable":true,"href":"https:\/\/activecontrol-systems.com\/fr\/wp-json\/wp\/v2\/media\/15289"}],"wp:attachment":[{"href":"https:\/\/activecontrol-systems.com\/fr\/wp-json\/wp\/v2\/media?parent=16074"}],"wp:term":[{"taxonomy":"product_brand","embeddable":true,"href":"https:\/\/activecontrol-systems.com\/fr\/wp-json\/wp\/v2\/product_brand?post=16074"},{"taxonomy":"product_cat","embeddable":true,"href":"https:\/\/activecontrol-systems.com\/fr\/wp-json\/wp\/v2\/product_cat?post=16074"},{"taxonomy":"product_tag","embeddable":true,"href":"https:\/\/activecontrol-systems.com\/fr\/wp-json\/wp\/v2\/product_tag?post=16074"}],"curies":[{"name":"wp","href":"https:\/\/api.w.org\/{rel}","templated":true}]}}