{"id":16088,"date":"2025-11-04T13:43:33","date_gmt":"2025-11-04T13:43:33","guid":{"rendered":"https:\/\/activecontrol-systems.com\/produto\/anodes-discretes\/"},"modified":"2025-11-04T13:43:33","modified_gmt":"2025-11-04T13:43:33","slug":"anodes-discretes","status":"publish","type":"product","link":"https:\/\/activecontrol-systems.com\/fr\/produit\/anodes-discretes\/","title":{"rendered":"ANODES DISCR\u00c8TES"},"content":{"rendered":"","protected":false},"excerpt":{"rendered":"<p>L\u2019ANODE DISCR\u00c8TE est une anode en titane avec rev\u00eatement d\u2019oxyde m\u00e9tallique mixte (MMO), d\u00e9velopp\u00e9e pour la protection cathodique contre la corrosion de l\u2019acier dans le b\u00e9ton.<\/p>\n<p>Les anodes Ti\/MMO sous forme de tige, disponibles en diff\u00e9rentes configurations avec les capacit\u00e9s correspondantes, peuvent \u00eatre utilis\u00e9es sur des \u00e9l\u00e9ments difficiles d\u2019acc\u00e8s tels que joints structurels ou consoles, et sont particuli\u00e8rement adapt\u00e9es aux ouvrages tels que ponts, b\u00e2timents historiques ou parkings, o\u00f9 certaines zones doivent \u00eatre prot\u00e9g\u00e9es de mani\u00e8re cibl\u00e9e.<\/p>\n<p>La pr\u00e9-r\u00e9sistance int\u00e9gr\u00e9e garantit un flux de courant uniforme afin d\u2019\u00e9viter les near-shorts au sein d\u2019une zone prot\u00e9g\u00e9e.<\/p>\n<p>Les anodes discr\u00e8tes sont connect\u00e9es via AWIRE 1,2 mm, garantissant une installation robuste. <\/p>\n","protected":false},"featured_media":15294,"template":"","meta":{"_acf_changed":false},"product_brand":[],"product_cat":[988],"product_tag":[],"class_list":{"0":"post-16088","1":"product","2":"type-product","3":"status-publish","4":"has-post-thumbnail","6":"product_cat-anoden-fr","9":"instock","10":"shipping-taxable","11":"purchasable","12":"product-type-variable","13":"product-grid-view"},"acf":[],"aioseo_notices":[],"_links":{"self":[{"href":"https:\/\/activecontrol-systems.com\/fr\/wp-json\/wp\/v2\/product\/16088","targetHints":{"allow":["GET"]}}],"collection":[{"href":"https:\/\/activecontrol-systems.com\/fr\/wp-json\/wp\/v2\/product"}],"about":[{"href":"https:\/\/activecontrol-systems.com\/fr\/wp-json\/wp\/v2\/types\/product"}],"version-history":[{"count":0,"href":"https:\/\/activecontrol-systems.com\/fr\/wp-json\/wp\/v2\/product\/16088\/revisions"}],"wp:featuredmedia":[{"embeddable":true,"href":"https:\/\/activecontrol-systems.com\/fr\/wp-json\/wp\/v2\/media\/15294"}],"wp:attachment":[{"href":"https:\/\/activecontrol-systems.com\/fr\/wp-json\/wp\/v2\/media?parent=16088"}],"wp:term":[{"taxonomy":"product_brand","embeddable":true,"href":"https:\/\/activecontrol-systems.com\/fr\/wp-json\/wp\/v2\/product_brand?post=16088"},{"taxonomy":"product_cat","embeddable":true,"href":"https:\/\/activecontrol-systems.com\/fr\/wp-json\/wp\/v2\/product_cat?post=16088"},{"taxonomy":"product_tag","embeddable":true,"href":"https:\/\/activecontrol-systems.com\/fr\/wp-json\/wp\/v2\/product_tag?post=16088"}],"curies":[{"name":"wp","href":"https:\/\/api.w.org\/{rel}","templated":true}]}}