{"id":8974,"date":"2023-05-10T07:16:36","date_gmt":"2023-05-10T07:16:36","guid":{"rendered":"http:\/\/activecontrol-systems.com\/portfolio\/"},"modified":"2025-11-17T12:16:33","modified_gmt":"2025-11-17T12:16:33","slug":"caso-de-uso","status":"publish","type":"page","link":"https:\/\/activecontrol-systems.com\/pt-pt\/caso-de-uso\/","title":{"rendered":"CASO DE USO"},"content":{"rendered":"\t\t<div data-elementor-type=\"wp-page\" data-elementor-id=\"8974\" class=\"elementor elementor-8974 elementor-457\">\n\t\t\t\t<div class=\"elementor-element elementor-element-4556019 wdt-no-full-section e-flex e-con-boxed e-con e-parent\" data-id=\"4556019\" data-element_type=\"container\" data-settings=\"{&quot;background_background&quot;:&quot;classic&quot;}\">\n\t\t\t\t\t<div class=\"e-con-inner\">\n\t\t<div class=\"elementor-element elementor-element-6274bb8 e-con-full e-flex e-con e-child\" data-id=\"6274bb8\" data-element_type=\"container\">\n\t\t\t\t<div class=\"elementor-element elementor-element-b9f1cf3 elementor-widget__width-inherit elementor-widget-tablet_extra__width-initial elementor-widget elementor-widget-wdt-heading\" data-id=\"b9f1cf3\" data-element_type=\"widget\" data-settings=\"{&quot;wdt_animation_effect&quot;:&quot;none&quot;}\" data-widget_type=\"wdt-heading.default\">\n\t\t\t\t<div class=\"elementor-widget-container\">\n\t\t\t\t\t<div class=\"wdt-heading-holder \" id=\"wdt-heading-b9f1cf3\"><h2 class=\"wdt-heading-title-wrapper wdt-heading-align- wdt-heading-deco-wrapper\"><span class=\"wdt-heading-title\">SMART PROTECTION. <span class=\"wdt-heading-colored-elements\">REAL <\/span><span class=\"wdt-heading-colored-elements\">IMPACT <\/span><\/span><\/h2><\/div>\t\t\t\t<\/div>\n\t\t\t\t<\/div>\n\t\t\t\t<div class=\"elementor-element elementor-element-85e1deb elementor-widget elementor-widget-text-editor\" data-id=\"85e1deb\" data-element_type=\"widget\" data-settings=\"{&quot;wdt_animation_effect&quot;:&quot;none&quot;}\" data-widget_type=\"text-editor.default\">\n\t\t\t\t<div class=\"elementor-widget-container\">\n\t\t\t\t\t\t\t\t\t<p>Cada aplica\u00e7\u00e3o conta uma hist\u00f3ria de desafios, solu\u00e7\u00f5es e resultados sustent\u00e1veis.<br>\nOs nossos sistemas s\u00e3o utilizados onde as estruturas t\u00eam de resistir, dia ap\u00f3s dia, \u00e0s maiores exig\u00eancias.&nbsp;<\/p>\n<p>De pontes a t\u00faneis e parques de estacionamento \u2013 a tecnologia garante seguran\u00e7a, transpar\u00eancia e manuten\u00e7\u00e3o planeada.<\/p>\n<p><span class=\"blue\"><b> O QUE UNE TODOS ESTES PROJETOS?<\/b><\/span><\/p>\n<p>Um objetivo comum: preservar as estruturas antes que sofram danos.<\/p>\t\t\t\t\t\t\t\t<\/div>\n\t\t\t\t<\/div>\n\t\t\t\t<\/div>\n\t\t\t\t\t<\/div>\n\t\t\t\t<\/div>\n\t\t\t\t<\/div>\n\t\t","protected":false},"excerpt":{"rendered":"<p>SMART PROTECTION. REAL IMPACT Cada aplica\u00e7\u00e3o conta uma hist\u00f3ria de desafios, solu\u00e7\u00f5es e resultados sustent\u00e1veis. Os nossos sistemas s\u00e3o utilizados onde as estruturas t\u00eam de resistir, dia ap\u00f3s dia, \u00e0s maiores exig\u00eancias.&nbsp; De pontes a t\u00faneis e parques de estacionamento \u2013 a tecnologia garante seguran\u00e7a, transpar\u00eancia e manuten\u00e7\u00e3o planeada. O QUE UNE TODOS ESTES PROJETOS? [&hellip;]<\/p>\n","protected":false},"author":1,"featured_media":0,"parent":0,"menu_order":0,"comment_status":"closed","ping_status":"closed","template":"elementor_header_footer","meta":{"_acf_changed":false,"footnotes":""},"class_list":["post-8974","page","type-page","status-publish","hentry"],"acf":[],"aioseo_notices":[],"_links":{"self":[{"href":"https:\/\/activecontrol-systems.com\/pt-pt\/wp-json\/wp\/v2\/pages\/8974","targetHints":{"allow":["GET"]}}],"collection":[{"href":"https:\/\/activecontrol-systems.com\/pt-pt\/wp-json\/wp\/v2\/pages"}],"about":[{"href":"https:\/\/activecontrol-systems.com\/pt-pt\/wp-json\/wp\/v2\/types\/page"}],"author":[{"embeddable":true,"href":"https:\/\/activecontrol-systems.com\/pt-pt\/wp-json\/wp\/v2\/users\/1"}],"replies":[{"embeddable":true,"href":"https:\/\/activecontrol-systems.com\/pt-pt\/wp-json\/wp\/v2\/comments?post=8974"}],"version-history":[{"count":0,"href":"https:\/\/activecontrol-systems.com\/pt-pt\/wp-json\/wp\/v2\/pages\/8974\/revisions"}],"wp:attachment":[{"href":"https:\/\/activecontrol-systems.com\/pt-pt\/wp-json\/wp\/v2\/media?parent=8974"}],"curies":[{"name":"wp","href":"https:\/\/api.w.org\/{rel}","templated":true}]}}