{"id":13725,"date":"2025-07-30T10:30:59","date_gmt":"2025-07-30T10:30:59","guid":{"rendered":"http:\/\/activecontrol-systems.com\/produto\/sensores\/"},"modified":"2026-03-24T16:23:39","modified_gmt":"2026-03-24T16:23:39","slug":"sensores","status":"publish","type":"product","link":"https:\/\/activecontrol-systems.com\/pt-pt\/produto\/sensores\/","title":{"rendered":"SENSORES"},"content":{"rendered":"","protected":false},"excerpt":{"rendered":"<p>Oferecemos uma sele\u00e7\u00e3o de sensores para a monitoriza\u00e7\u00e3o precisa e cont\u00ednua de todos os par\u00e2metros relevantes, incluindo:<\/p>\n<ul>\n<li><strong>Tipo P:<\/strong> medi\u00e7\u00e3o de potencial<\/li>\n<li><strong>Tipo C:<\/strong> medi\u00e7\u00e3o de corrente ZRA<\/li>\n<li><strong>Tipo Z:<\/strong> Medi\u00e7\u00e3o de imped\u00e2ncia<\/li>\n<li><strong>Tipo T:<\/strong> medi\u00e7\u00e3o de temperatura<\/li>\n<li><strong>Tipo RH:<\/strong> medi\u00e7\u00e3o da humidade relativa do ar<\/li>\n<\/ul>\n<p>Procura um componente espec\u00edfico ou uma vers\u00e3o personalizada? Teremos todo o prazer em ajud\u00e1-lo \u2013 envie-nos o seu pedido e, juntos, encontraremos a solu\u00e7\u00e3o ideal.<br \/>\n<span dir=\"auto\" style=\"vertical-align: inherit;\">&#8212;  <\/span><br \/>\n<em style=\"font-size: 12px;\"><sup><span dir=\"auto\" style=\"vertical-align: inherit;\">1<\/span><\/sup><span dir=\"auto\" style=\"vertical-align: inherit;\">  Imagem simb\u00f3lica. O artigo pode variar na cor ou no design. <\/span><\/em><\/p>\n","protected":false},"featured_media":15300,"template":"","meta":{"_acf_changed":false},"product_brand":[],"product_cat":[899],"product_tag":[],"class_list":{"0":"post-13725","1":"product","2":"type-product","3":"status-publish","4":"has-post-thumbnail","6":"product_cat-conexoes","9":"instock","10":"shipping-taxable","11":"purchasable","12":"product-type-variable","13":"product-grid-view"},"acf":[],"aioseo_notices":[],"_links":{"self":[{"href":"https:\/\/activecontrol-systems.com\/pt-pt\/wp-json\/wp\/v2\/product\/13725","targetHints":{"allow":["GET"]}}],"collection":[{"href":"https:\/\/activecontrol-systems.com\/pt-pt\/wp-json\/wp\/v2\/product"}],"about":[{"href":"https:\/\/activecontrol-systems.com\/pt-pt\/wp-json\/wp\/v2\/types\/product"}],"version-history":[{"count":1,"href":"https:\/\/activecontrol-systems.com\/pt-pt\/wp-json\/wp\/v2\/product\/13725\/revisions"}],"predecessor-version":[{"id":41711,"href":"https:\/\/activecontrol-systems.com\/pt-pt\/wp-json\/wp\/v2\/product\/13725\/revisions\/41711"}],"wp:featuredmedia":[{"embeddable":true,"href":"https:\/\/activecontrol-systems.com\/pt-pt\/wp-json\/wp\/v2\/media\/15300"}],"wp:attachment":[{"href":"https:\/\/activecontrol-systems.com\/pt-pt\/wp-json\/wp\/v2\/media?parent=13725"}],"wp:term":[{"taxonomy":"product_brand","embeddable":true,"href":"https:\/\/activecontrol-systems.com\/pt-pt\/wp-json\/wp\/v2\/product_brand?post=13725"},{"taxonomy":"product_cat","embeddable":true,"href":"https:\/\/activecontrol-systems.com\/pt-pt\/wp-json\/wp\/v2\/product_cat?post=13725"},{"taxonomy":"product_tag","embeddable":true,"href":"https:\/\/activecontrol-systems.com\/pt-pt\/wp-json\/wp\/v2\/product_tag?post=13725"}],"curies":[{"name":"wp","href":"https:\/\/api.w.org\/{rel}","templated":true}]}}