{"id":13776,"date":"2025-07-30T11:38:02","date_gmt":"2025-07-30T11:38:02","guid":{"rendered":"http:\/\/activecontrol-systems.com\/produto\/ligacoes\/"},"modified":"2026-01-09T17:33:45","modified_gmt":"2026-01-09T17:33:45","slug":"ligacoes","status":"publish","type":"product","link":"https:\/\/activecontrol-systems.com\/pt-pt\/produto\/ligacoes\/","title":{"rendered":"LIGA\u00c7\u00d5ES"},"content":{"rendered":"","protected":false},"excerpt":{"rendered":"<p>Para a liga\u00e7\u00e3o dos componentes do sistema de prote\u00e7\u00e3o cat\u00f3dica (KKS), oferecemos uma sele\u00e7\u00e3o de conectores.<\/p>\n<ul>\n<li><strong>Liga\u00e7\u00e3o do \u00e2nodo:<\/strong> liga\u00e7\u00e3o para a transfer\u00eancia de corrente para o sistema de \u00e2nodos.<\/li>\n<li><strong>Liga\u00e7\u00e3o do c\u00e1todo:<\/strong> liga\u00e7\u00e3o para o retorno de corrente da armadura<\/li>\n<li><strong>Liga\u00e7\u00e3o sem corrente:<\/strong> liga\u00e7\u00e3o \u00e0 armadura como liga\u00e7\u00e3o COM.<\/li>\n<\/ul>\n<p>Procura um componente espec\u00edfico ou uma vers\u00e3o personalizada? Teremos todo o prazer em ajud\u00e1-lo \u2013 envie-nos o seu pedido e, juntos, encontraremos a solu\u00e7\u00e3o ideal.<\/p>\n","protected":false},"featured_media":15713,"template":"","meta":{"_acf_changed":false},"product_brand":[],"product_cat":[899],"product_tag":[],"class_list":{"0":"post-13776","1":"product","2":"type-product","3":"status-publish","4":"has-post-thumbnail","6":"product_cat-conexoes","9":"instock","10":"shipping-taxable","11":"purchasable","12":"product-type-variable","13":"product-grid-view"},"acf":[],"aioseo_notices":[],"_links":{"self":[{"href":"https:\/\/activecontrol-systems.com\/pt-pt\/wp-json\/wp\/v2\/product\/13776","targetHints":{"allow":["GET"]}}],"collection":[{"href":"https:\/\/activecontrol-systems.com\/pt-pt\/wp-json\/wp\/v2\/product"}],"about":[{"href":"https:\/\/activecontrol-systems.com\/pt-pt\/wp-json\/wp\/v2\/types\/product"}],"version-history":[{"count":0,"href":"https:\/\/activecontrol-systems.com\/pt-pt\/wp-json\/wp\/v2\/product\/13776\/revisions"}],"wp:featuredmedia":[{"embeddable":true,"href":"https:\/\/activecontrol-systems.com\/pt-pt\/wp-json\/wp\/v2\/media\/15713"}],"wp:attachment":[{"href":"https:\/\/activecontrol-systems.com\/pt-pt\/wp-json\/wp\/v2\/media?parent=13776"}],"wp:term":[{"taxonomy":"product_brand","embeddable":true,"href":"https:\/\/activecontrol-systems.com\/pt-pt\/wp-json\/wp\/v2\/product_brand?post=13776"},{"taxonomy":"product_cat","embeddable":true,"href":"https:\/\/activecontrol-systems.com\/pt-pt\/wp-json\/wp\/v2\/product_cat?post=13776"},{"taxonomy":"product_tag","embeddable":true,"href":"https:\/\/activecontrol-systems.com\/pt-pt\/wp-json\/wp\/v2\/product_tag?post=13776"}],"curies":[{"name":"wp","href":"https:\/\/api.w.org\/{rel}","templated":true}]}}