{"id":13855,"date":"2025-07-30T11:58:33","date_gmt":"2025-07-30T11:58:33","guid":{"rendered":"http:\/\/activecontrol-systems.com\/produto\/cabo\/"},"modified":"2026-01-26T12:37:57","modified_gmt":"2026-01-26T12:37:57","slug":"cabo","status":"publish","type":"product","link":"https:\/\/activecontrol-systems.com\/pt-pt\/produto\/cabo\/","title":{"rendered":"CABO"},"content":{"rendered":"","protected":false},"excerpt":{"rendered":"<p><strong>CABO PARA PROTEC\u00c7\u00c3O CAT\u00d3DICA CONTRA CORROS\u00c3O<\/strong><br \/>\nO cabo de corrente cont\u00ednua com dupla isola\u00e7\u00e3o est\u00e1 dispon\u00edvel em v\u00e1rias vers\u00f5es e foi especialmente desenvolvido para utiliza\u00e7\u00e3o em sistemas de prote\u00e7\u00e3o cat\u00f3dica contra corros\u00e3o. O condutor \u00e9 composto por fio de cobre nu. Os condutores s\u00e3o isolados com polietileno reticulado (XLPE) ou PVC e adicionalmente protegidos por uma bainha exterior em PVC. Comprimento dos segmentos de cabo: 100M<\/p>\n","protected":false},"featured_media":15305,"template":"","meta":{"_acf_changed":false},"product_brand":[],"product_cat":[900],"product_tag":[],"class_list":{"0":"post-13855","1":"product","2":"type-product","3":"status-publish","4":"has-post-thumbnail","6":"product_cat-cabo","9":"instock","10":"shipping-taxable","11":"purchasable","12":"product-type-variable","13":"product-grid-view"},"acf":[],"aioseo_notices":[],"_links":{"self":[{"href":"https:\/\/activecontrol-systems.com\/pt-pt\/wp-json\/wp\/v2\/product\/13855","targetHints":{"allow":["GET"]}}],"collection":[{"href":"https:\/\/activecontrol-systems.com\/pt-pt\/wp-json\/wp\/v2\/product"}],"about":[{"href":"https:\/\/activecontrol-systems.com\/pt-pt\/wp-json\/wp\/v2\/types\/product"}],"version-history":[{"count":1,"href":"https:\/\/activecontrol-systems.com\/pt-pt\/wp-json\/wp\/v2\/product\/13855\/revisions"}],"predecessor-version":[{"id":16336,"href":"https:\/\/activecontrol-systems.com\/pt-pt\/wp-json\/wp\/v2\/product\/13855\/revisions\/16336"}],"wp:featuredmedia":[{"embeddable":true,"href":"https:\/\/activecontrol-systems.com\/pt-pt\/wp-json\/wp\/v2\/media\/15305"}],"wp:attachment":[{"href":"https:\/\/activecontrol-systems.com\/pt-pt\/wp-json\/wp\/v2\/media?parent=13855"}],"wp:term":[{"taxonomy":"product_brand","embeddable":true,"href":"https:\/\/activecontrol-systems.com\/pt-pt\/wp-json\/wp\/v2\/product_brand?post=13855"},{"taxonomy":"product_cat","embeddable":true,"href":"https:\/\/activecontrol-systems.com\/pt-pt\/wp-json\/wp\/v2\/product_cat?post=13855"},{"taxonomy":"product_tag","embeddable":true,"href":"https:\/\/activecontrol-systems.com\/pt-pt\/wp-json\/wp\/v2\/product_tag?post=13855"}],"curies":[{"name":"wp","href":"https:\/\/api.w.org\/{rel}","templated":true}]}}