{"id":13922,"date":"2025-07-30T13:54:27","date_gmt":"2025-07-30T13:54:27","guid":{"rendered":"http:\/\/activecontrol-systems.com\/produto\/aconnect\/"},"modified":"2025-11-18T11:42:52","modified_gmt":"2025-11-18T11:42:52","slug":"aconnect","status":"publish","type":"product","link":"https:\/\/activecontrol-systems.com\/pt-pt\/produto\/aconnect\/","title":{"rendered":"ACONNECT"},"content":{"rendered":"","protected":false},"excerpt":{"rendered":"<p>O ACONNECT \u00e9 um modem 5G LTE com suporte PoE, alojado num inv\u00f3lucro robusto, equipado com antenas integradas e defini\u00e7\u00f5es pr\u00e9-configuradas para garantir uma liga\u00e7\u00e3o fi\u00e1vel entre o ACTIVELINK GATEWAY e o APORTAL.<\/p>\n<p>O ACONNECT est\u00e1 dispon\u00edvel com ou sem subscri\u00e7\u00e3o anual (cart\u00e3o SIM inclu\u00eddo com plano de dados).<\/p>\n<p>Ao escolher uma subscri\u00e7\u00e3o anual, \u00e9 celebrado um contrato de dados separado. Esta subscri\u00e7\u00e3o \u00e9 v\u00e1lida por 1 ano.<\/p>\n<p>A subscri\u00e7\u00e3o anual inclui o seguinte servi\u00e7o:<\/p>\n<ul>\n<li>A Liga\u00e7\u00e3o sem fios, incluindo cart\u00e3o SIM<\/li>\n<li>2 GB de dados por m\u00eas<\/li>\n<\/ul>\n<p>Teremos todo o prazer em explicar-lhe as condi\u00e7\u00f5es contratuais detalhadamente ap\u00f3s a rece\u00e7\u00e3o do seu pedido.<\/p>\n","protected":false},"featured_media":15270,"template":"","meta":{"_acf_changed":false},"product_brand":[],"product_cat":[897],"product_tag":[],"class_list":{"0":"post-13922","1":"product","2":"type-product","3":"status-publish","4":"has-post-thumbnail","6":"product_cat-acessorios","9":"instock","10":"shipping-taxable","11":"purchasable","12":"product-type-variable","13":"product-grid-view"},"acf":[],"aioseo_notices":[],"_links":{"self":[{"href":"https:\/\/activecontrol-systems.com\/pt-pt\/wp-json\/wp\/v2\/product\/13922","targetHints":{"allow":["GET"]}}],"collection":[{"href":"https:\/\/activecontrol-systems.com\/pt-pt\/wp-json\/wp\/v2\/product"}],"about":[{"href":"https:\/\/activecontrol-systems.com\/pt-pt\/wp-json\/wp\/v2\/types\/product"}],"version-history":[{"count":0,"href":"https:\/\/activecontrol-systems.com\/pt-pt\/wp-json\/wp\/v2\/product\/13922\/revisions"}],"wp:featuredmedia":[{"embeddable":true,"href":"https:\/\/activecontrol-systems.com\/pt-pt\/wp-json\/wp\/v2\/media\/15270"}],"wp:attachment":[{"href":"https:\/\/activecontrol-systems.com\/pt-pt\/wp-json\/wp\/v2\/media?parent=13922"}],"wp:term":[{"taxonomy":"product_brand","embeddable":true,"href":"https:\/\/activecontrol-systems.com\/pt-pt\/wp-json\/wp\/v2\/product_brand?post=13922"},{"taxonomy":"product_cat","embeddable":true,"href":"https:\/\/activecontrol-systems.com\/pt-pt\/wp-json\/wp\/v2\/product_cat?post=13922"},{"taxonomy":"product_tag","embeddable":true,"href":"https:\/\/activecontrol-systems.com\/pt-pt\/wp-json\/wp\/v2\/product_tag?post=13922"}],"curies":[{"name":"wp","href":"https:\/\/api.w.org\/{rel}","templated":true}]}}