{"id":14157,"date":"2025-10-10T15:23:29","date_gmt":"2025-10-10T15:23:29","guid":{"rendered":"http:\/\/activecontrol-systems.com\/produto\/apwrhub\/"},"modified":"2025-11-17T16:25:36","modified_gmt":"2025-11-17T16:25:36","slug":"apwrhub","status":"publish","type":"product","link":"https:\/\/activecontrol-systems.com\/pt-pt\/produto\/apwrhub\/","title":{"rendered":"APWRHUB"},"content":{"rendered":"","protected":false},"excerpt":{"rendered":"<p>Sistemas de prote\u00e7\u00e3o cat\u00f3dica ativa e passiva contra corros\u00e3o. Oferece uma gest\u00e3o de energia precisa, bem como fun\u00e7\u00f5es integradas de automonitoriza\u00e7\u00e3o.<\/p>\n<p>O dispositivo, ligado por Ethernet, pode ser integrado de forma perfeita atrav\u00e9s do ALINK Gateway e configurado remotamente com facilidade atrav\u00e9s do APORTAL.<\/p>\n<p>Al\u00e9m disso, o APWRHUB funciona como unidade principal e centro de comunica\u00e7\u00e3o. Desta forma, as unidades AMOTE podem ser ligadas atrav\u00e9s de uma rede mesh e outros APWRHUBs, com um alcance de at\u00e9 800 m\u00b9. As possibilidades de expans\u00e3o do sistema s\u00e3o praticamente ilimitadas.<\/p>\n<p>Para a transi\u00e7\u00e3o entre o APWRHUB e o canal de cabos paralelo, est\u00e1 dispon\u00edvel opcionalmente uma pe\u00e7a de deriva\u00e7\u00e3o especialmente desenvolvida. Facilita a introdu\u00e7\u00e3o dos cabos, funciona como prote\u00e7\u00e3o visual e protege contra influ\u00eancias externas.<\/p>\n<p>__<br \/>\n<em style=\"font-size:12px\"><sup>1<\/sup> O alcance efetivamente alcan\u00e7\u00e1vel pode ser reduzido por condi\u00e7\u00f5es estruturais, como paredes, portas corta-fogo ou componentes met\u00e1licos.<\/em><\/p>\n","protected":false},"featured_media":29189,"template":"","meta":{"_acf_changed":false},"product_brand":[],"product_cat":[898],"product_tag":[],"class_list":{"0":"post-14157","1":"product","2":"type-product","3":"status-publish","4":"has-post-thumbnail","6":"product_cat-dispositivos","9":"instock","10":"shipping-taxable","11":"purchasable","12":"product-type-variable","13":"product-grid-view"},"acf":[],"aioseo_notices":[],"_links":{"self":[{"href":"https:\/\/activecontrol-systems.com\/pt-pt\/wp-json\/wp\/v2\/product\/14157","targetHints":{"allow":["GET"]}}],"collection":[{"href":"https:\/\/activecontrol-systems.com\/pt-pt\/wp-json\/wp\/v2\/product"}],"about":[{"href":"https:\/\/activecontrol-systems.com\/pt-pt\/wp-json\/wp\/v2\/types\/product"}],"version-history":[{"count":0,"href":"https:\/\/activecontrol-systems.com\/pt-pt\/wp-json\/wp\/v2\/product\/14157\/revisions"}],"wp:featuredmedia":[{"embeddable":true,"href":"https:\/\/activecontrol-systems.com\/pt-pt\/wp-json\/wp\/v2\/media\/29189"}],"wp:attachment":[{"href":"https:\/\/activecontrol-systems.com\/pt-pt\/wp-json\/wp\/v2\/media?parent=14157"}],"wp:term":[{"taxonomy":"product_brand","embeddable":true,"href":"https:\/\/activecontrol-systems.com\/pt-pt\/wp-json\/wp\/v2\/product_brand?post=14157"},{"taxonomy":"product_cat","embeddable":true,"href":"https:\/\/activecontrol-systems.com\/pt-pt\/wp-json\/wp\/v2\/product_cat?post=14157"},{"taxonomy":"product_tag","embeddable":true,"href":"https:\/\/activecontrol-systems.com\/pt-pt\/wp-json\/wp\/v2\/product_tag?post=14157"}],"curies":[{"name":"wp","href":"https:\/\/api.w.org\/{rel}","templated":true}]}}