{"id":14168,"date":"2025-10-10T15:46:29","date_gmt":"2025-10-10T15:46:29","guid":{"rendered":"http:\/\/activecontrol-systems.com\/produto\/amote\/"},"modified":"2026-01-09T12:28:59","modified_gmt":"2026-01-09T12:28:59","slug":"amote","status":"publish","type":"product","link":"https:\/\/activecontrol-systems.com\/pt-pt\/produto\/amote\/","title":{"rendered":"AMOTE"},"content":{"rendered":"","protected":false},"excerpt":{"rendered":"<p>O AMOTE \u00e9 um n\u00f3 sensor inteligente, sem fios, de dois canais, concebido para medir potenciais, corrente por amper\u00edmetro de resist\u00eancia nula (ZRA), imped\u00e2ncia, corrente ou temperatura.<br \/>Este n\u00f3 faz parte de uma rede mesh e permite a recolha de dados em ambientes extensos e de dif\u00edcil acesso. <\/p>\n<p>O AMOTE pode ser alimentado opcionalmente por bateria ou por um sistema solar e caracteriza-se por um consumo de energia extremamente reduzido.<br \/>O m\u00f3dulo foi especialmente desenvolvido para comunicar com os APWRHUBs, que funcionam como servidores e ponte de comunica\u00e7\u00e3o para uma rede com fios, transmitindo os dados ao ALINK Gateway. <\/p>\n","protected":false},"featured_media":37623,"template":"","meta":{"_acf_changed":false},"product_brand":[],"product_cat":[898],"product_tag":[],"class_list":{"0":"post-14168","1":"product","2":"type-product","3":"status-publish","4":"has-post-thumbnail","6":"product_cat-dispositivos","9":"instock","10":"shipping-taxable","11":"purchasable","12":"product-type-variable","13":"product-grid-view"},"acf":[],"aioseo_notices":[],"_links":{"self":[{"href":"https:\/\/activecontrol-systems.com\/pt-pt\/wp-json\/wp\/v2\/product\/14168","targetHints":{"allow":["GET"]}}],"collection":[{"href":"https:\/\/activecontrol-systems.com\/pt-pt\/wp-json\/wp\/v2\/product"}],"about":[{"href":"https:\/\/activecontrol-systems.com\/pt-pt\/wp-json\/wp\/v2\/types\/product"}],"version-history":[{"count":0,"href":"https:\/\/activecontrol-systems.com\/pt-pt\/wp-json\/wp\/v2\/product\/14168\/revisions"}],"wp:featuredmedia":[{"embeddable":true,"href":"https:\/\/activecontrol-systems.com\/pt-pt\/wp-json\/wp\/v2\/media\/37623"}],"wp:attachment":[{"href":"https:\/\/activecontrol-systems.com\/pt-pt\/wp-json\/wp\/v2\/media?parent=14168"}],"wp:term":[{"taxonomy":"product_brand","embeddable":true,"href":"https:\/\/activecontrol-systems.com\/pt-pt\/wp-json\/wp\/v2\/product_brand?post=14168"},{"taxonomy":"product_cat","embeddable":true,"href":"https:\/\/activecontrol-systems.com\/pt-pt\/wp-json\/wp\/v2\/product_cat?post=14168"},{"taxonomy":"product_tag","embeddable":true,"href":"https:\/\/activecontrol-systems.com\/pt-pt\/wp-json\/wp\/v2\/product_tag?post=14168"}],"curies":[{"name":"wp","href":"https:\/\/api.w.org\/{rel}","templated":true}]}}