{"id":14172,"date":"2025-10-10T16:20:06","date_gmt":"2025-10-10T16:20:06","guid":{"rendered":"http:\/\/activecontrol-systems.com\/produto\/apad\/"},"modified":"2026-01-08T16:37:29","modified_gmt":"2026-01-08T16:37:29","slug":"apad","status":"publish","type":"product","link":"https:\/\/activecontrol-systems.com\/pt-pt\/produto\/apad\/","title":{"rendered":"APAD"},"content":{"rendered":"","protected":false},"excerpt":{"rendered":"<p>O APAD \u00e9 um dispositivo de interface compacto, especialmente desenvolvido para a configura\u00e7\u00e3o local e monitoriza\u00e7\u00e3o do estado do APWRHUB e dos AMOTEs a ele conectados durante a instala\u00e7\u00e3o, coloca\u00e7\u00e3o em funcionamento e opera\u00e7\u00e3o.<\/p>\n<p>Permite um diagn\u00f3stico direto do sistema e uma configura\u00e7\u00e3o pr\u00e1tica no local. Tamb\u00e9m funciona como ecr\u00e3 externo para visualizar os valores medidos recolhidos. <\/p>\n","protected":false},"featured_media":15335,"template":"","meta":{"_acf_changed":false},"product_brand":[],"product_cat":[898],"product_tag":[],"class_list":{"0":"post-14172","1":"product","2":"type-product","3":"status-publish","4":"has-post-thumbnail","6":"product_cat-dispositivos","9":"instock","10":"shipping-taxable","11":"purchasable","12":"product-type-simple","13":"product-grid-view"},"acf":[],"aioseo_notices":[],"_links":{"self":[{"href":"https:\/\/activecontrol-systems.com\/pt-pt\/wp-json\/wp\/v2\/product\/14172","targetHints":{"allow":["GET"]}}],"collection":[{"href":"https:\/\/activecontrol-systems.com\/pt-pt\/wp-json\/wp\/v2\/product"}],"about":[{"href":"https:\/\/activecontrol-systems.com\/pt-pt\/wp-json\/wp\/v2\/types\/product"}],"version-history":[{"count":0,"href":"https:\/\/activecontrol-systems.com\/pt-pt\/wp-json\/wp\/v2\/product\/14172\/revisions"}],"wp:featuredmedia":[{"embeddable":true,"href":"https:\/\/activecontrol-systems.com\/pt-pt\/wp-json\/wp\/v2\/media\/15335"}],"wp:attachment":[{"href":"https:\/\/activecontrol-systems.com\/pt-pt\/wp-json\/wp\/v2\/media?parent=14172"}],"wp:term":[{"taxonomy":"product_brand","embeddable":true,"href":"https:\/\/activecontrol-systems.com\/pt-pt\/wp-json\/wp\/v2\/product_brand?post=14172"},{"taxonomy":"product_cat","embeddable":true,"href":"https:\/\/activecontrol-systems.com\/pt-pt\/wp-json\/wp\/v2\/product_cat?post=14172"},{"taxonomy":"product_tag","embeddable":true,"href":"https:\/\/activecontrol-systems.com\/pt-pt\/wp-json\/wp\/v2\/product_tag?post=14172"}],"curies":[{"name":"wp","href":"https:\/\/api.w.org\/{rel}","templated":true}]}}