{"id":14199,"date":"2025-10-10T16:28:42","date_gmt":"2025-10-10T16:28:42","guid":{"rendered":"http:\/\/activecontrol-systems.com\/produto\/aportal\/"},"modified":"2026-01-09T17:28:05","modified_gmt":"2026-01-09T17:28:05","slug":"aportal","status":"publish","type":"product","link":"https:\/\/activecontrol-systems.com\/pt-pt\/produto\/aportal\/","title":{"rendered":"APORTAL"},"content":{"rendered":"","protected":false},"excerpt":{"rendered":"<p>O APORTAL \u00e9 uma plataforma cloud que permite a cria\u00e7\u00e3o de utilizadores para a gest\u00e3o e visualiza\u00e7\u00e3o de projetos.<br \/>Cada projeto na cloud representa um g\u00e9meo digital do ALINK instalado localmente. As configura\u00e7\u00f5es e atualiza\u00e7\u00f5es s\u00e3o transferidas automaticamente.<\/p>\n<p>Com o APORTAL, \u00e9 poss\u00edvel configurar projetos, controlar instala\u00e7\u00f5es, analisar dados, gerir alarmes e ciclos de inspe\u00e7\u00e3o, gerar relat\u00f3rios e organizar v\u00e1rios clientes com diferentes n\u00edveis de permiss\u00e3o. <\/p>\n<p>Dispon\u00edvel mediante pedido<\/p>\n","protected":false},"featured_media":15043,"template":"","meta":{"_acf_changed":false},"product_brand":[],"product_cat":[898],"product_tag":[],"class_list":{"0":"post-14199","1":"product","2":"type-product","3":"status-publish","4":"has-post-thumbnail","6":"product_cat-dispositivos","9":"instock","10":"virtual","11":"purchasable","12":"product-type-simple","13":"product-grid-view"},"acf":[],"aioseo_notices":[],"_links":{"self":[{"href":"https:\/\/activecontrol-systems.com\/pt-pt\/wp-json\/wp\/v2\/product\/14199","targetHints":{"allow":["GET"]}}],"collection":[{"href":"https:\/\/activecontrol-systems.com\/pt-pt\/wp-json\/wp\/v2\/product"}],"about":[{"href":"https:\/\/activecontrol-systems.com\/pt-pt\/wp-json\/wp\/v2\/types\/product"}],"version-history":[{"count":0,"href":"https:\/\/activecontrol-systems.com\/pt-pt\/wp-json\/wp\/v2\/product\/14199\/revisions"}],"wp:featuredmedia":[{"embeddable":true,"href":"https:\/\/activecontrol-systems.com\/pt-pt\/wp-json\/wp\/v2\/media\/15043"}],"wp:attachment":[{"href":"https:\/\/activecontrol-systems.com\/pt-pt\/wp-json\/wp\/v2\/media?parent=14199"}],"wp:term":[{"taxonomy":"product_brand","embeddable":true,"href":"https:\/\/activecontrol-systems.com\/pt-pt\/wp-json\/wp\/v2\/product_brand?post=14199"},{"taxonomy":"product_cat","embeddable":true,"href":"https:\/\/activecontrol-systems.com\/pt-pt\/wp-json\/wp\/v2\/product_cat?post=14199"},{"taxonomy":"product_tag","embeddable":true,"href":"https:\/\/activecontrol-systems.com\/pt-pt\/wp-json\/wp\/v2\/product_tag?post=14199"}],"curies":[{"name":"wp","href":"https:\/\/api.w.org\/{rel}","templated":true}]}}