{"id":15220,"date":"2025-11-03T17:59:32","date_gmt":"2025-11-03T17:59:32","guid":{"rendered":"https:\/\/activecontrol-systems.com\/produto\/amote-battery\/"},"modified":"2026-01-09T11:49:27","modified_gmt":"2026-01-09T11:49:27","slug":"amote-battery","status":"publish","type":"product","link":"https:\/\/activecontrol-systems.com\/pt-pt\/produto\/amote-battery\/","title":{"rendered":"AMOTE BATERIA"},"content":{"rendered":"","protected":false},"excerpt":{"rendered":"<p>A AMOTE BATTERY \u00e9 uma bateria prim\u00e1ria de l\u00edtio duradoura (3,6 V \/ 8 Ah) destinada \u00e0 alimenta\u00e7\u00e3o de energia dos sensores AMOTE. Caracteriza-se pela elevada estabilidade, baixa autodescarga e uma vida \u00fatil t\u00edpica de at\u00e9 cinco anos\u00b9. <\/p>\n<p>A bateria \u00e9 isenta de manuten\u00e7\u00e3o, de f\u00e1cil substitui\u00e7\u00e3o pelo utilizador e especialmente desenvolvida para aplica\u00e7\u00f5es de longa dura\u00e7\u00e3o com otimiza\u00e7\u00e3o energ\u00e9tica.<\/p>\n<p class=\"p1\"><strong>Hinweis:<\/strong> Abbildungen k\u00f6nnen vom tats\u00e4chlichen Produkt abweichen. Ma\u00dfgeblich sind die in der Produktbeschreibung genannten Merkmale. <\/p>\n<p>&#8212;<br \/>\n<em style=\"font-size: 12px;\">\u00b9 Pode variar consoante os ciclos de medi\u00e7\u00e3o definidos. <\/em><\/p>\n","protected":false},"featured_media":15290,"template":"","meta":{"_acf_changed":false},"product_brand":[],"product_cat":[897],"product_tag":[],"class_list":{"0":"post-15220","1":"product","2":"type-product","3":"status-publish","4":"has-post-thumbnail","6":"product_cat-acessorios","9":"instock","10":"shipping-taxable","11":"purchasable","12":"product-type-simple","13":"product-grid-view"},"acf":[],"aioseo_notices":[],"_links":{"self":[{"href":"https:\/\/activecontrol-systems.com\/pt-pt\/wp-json\/wp\/v2\/product\/15220","targetHints":{"allow":["GET"]}}],"collection":[{"href":"https:\/\/activecontrol-systems.com\/pt-pt\/wp-json\/wp\/v2\/product"}],"about":[{"href":"https:\/\/activecontrol-systems.com\/pt-pt\/wp-json\/wp\/v2\/types\/product"}],"version-history":[{"count":0,"href":"https:\/\/activecontrol-systems.com\/pt-pt\/wp-json\/wp\/v2\/product\/15220\/revisions"}],"wp:featuredmedia":[{"embeddable":true,"href":"https:\/\/activecontrol-systems.com\/pt-pt\/wp-json\/wp\/v2\/media\/15290"}],"wp:attachment":[{"href":"https:\/\/activecontrol-systems.com\/pt-pt\/wp-json\/wp\/v2\/media?parent=15220"}],"wp:term":[{"taxonomy":"product_brand","embeddable":true,"href":"https:\/\/activecontrol-systems.com\/pt-pt\/wp-json\/wp\/v2\/product_brand?post=15220"},{"taxonomy":"product_cat","embeddable":true,"href":"https:\/\/activecontrol-systems.com\/pt-pt\/wp-json\/wp\/v2\/product_cat?post=15220"},{"taxonomy":"product_tag","embeddable":true,"href":"https:\/\/activecontrol-systems.com\/pt-pt\/wp-json\/wp\/v2\/product_tag?post=15220"}],"curies":[{"name":"wp","href":"https:\/\/api.w.org\/{rel}","templated":true}]}}