{"id":15237,"date":"2025-11-04T11:40:40","date_gmt":"2025-11-04T11:40:40","guid":{"rendered":"https:\/\/activecontrol-systems.com\/produto\/awire\/"},"modified":"2026-03-24T16:04:58","modified_gmt":"2026-03-24T16:04:58","slug":"awire","status":"publish","type":"product","link":"https:\/\/activecontrol-systems.com\/pt-pt\/produto\/awire\/","title":{"rendered":"AWIRE"},"content":{"rendered":"","protected":false},"excerpt":{"rendered":"<p>AWIRE \u00e9 um fio de tit\u00e2nio altamente resistente com um isolamento especial de PFA. \u00c9 utilizado como liga\u00e7\u00e3o condutora entre os \u00e2nodos discretos. <\/p>\n","protected":false},"featured_media":15310,"template":"","meta":{"_acf_changed":false},"product_brand":[],"product_cat":[900],"product_tag":[],"class_list":{"0":"post-15237","1":"product","2":"type-product","3":"status-publish","4":"has-post-thumbnail","6":"product_cat-cabo","9":"instock","10":"shipping-taxable","11":"purchasable","12":"product-type-simple","13":"product-grid-view"},"acf":[],"aioseo_notices":[],"_links":{"self":[{"href":"https:\/\/activecontrol-systems.com\/pt-pt\/wp-json\/wp\/v2\/product\/15237","targetHints":{"allow":["GET"]}}],"collection":[{"href":"https:\/\/activecontrol-systems.com\/pt-pt\/wp-json\/wp\/v2\/product"}],"about":[{"href":"https:\/\/activecontrol-systems.com\/pt-pt\/wp-json\/wp\/v2\/types\/product"}],"version-history":[{"count":1,"href":"https:\/\/activecontrol-systems.com\/pt-pt\/wp-json\/wp\/v2\/product\/15237\/revisions"}],"predecessor-version":[{"id":41703,"href":"https:\/\/activecontrol-systems.com\/pt-pt\/wp-json\/wp\/v2\/product\/15237\/revisions\/41703"}],"wp:featuredmedia":[{"embeddable":true,"href":"https:\/\/activecontrol-systems.com\/pt-pt\/wp-json\/wp\/v2\/media\/15310"}],"wp:attachment":[{"href":"https:\/\/activecontrol-systems.com\/pt-pt\/wp-json\/wp\/v2\/media?parent=15237"}],"wp:term":[{"taxonomy":"product_brand","embeddable":true,"href":"https:\/\/activecontrol-systems.com\/pt-pt\/wp-json\/wp\/v2\/product_brand?post=15237"},{"taxonomy":"product_cat","embeddable":true,"href":"https:\/\/activecontrol-systems.com\/pt-pt\/wp-json\/wp\/v2\/product_cat?post=15237"},{"taxonomy":"product_tag","embeddable":true,"href":"https:\/\/activecontrol-systems.com\/pt-pt\/wp-json\/wp\/v2\/product_tag?post=15237"}],"curies":[{"name":"wp","href":"https:\/\/api.w.org\/{rel}","templated":true}]}}