{"id":16341,"date":"2025-10-10T14:12:11","date_gmt":"2025-10-10T14:12:11","guid":{"rendered":"https:\/\/activecontrol-systems.com\/produto\/activelink-apwrlink\/"},"modified":"2026-03-25T11:15:05","modified_gmt":"2026-03-25T11:15:05","slug":"activelink-apwrlink","status":"publish","type":"product","link":"https:\/\/activecontrol-systems.com\/pt-pt\/produto\/activelink-apwrlink\/","title":{"rendered":"ACTIVELINK \/ APWRLINK"},"content":{"rendered":"","protected":false},"excerpt":{"rendered":"<p>O ACTIVELINK \u00e9 o arm\u00e1rio de controlo central e constitui o cora\u00e7\u00e3o do sistema, ligando todos os componentes com energia e dados. Para sistemas maiores, podem ser integradas esta\u00e7\u00f5es APWRLINK adicionais para aumentar o n\u00famero de dispositivos ligados. <\/p>\n[INSERT_ELEMENTOR id=\"15654\"]\n","protected":false},"featured_media":29223,"template":"","meta":{"_acf_changed":false},"product_brand":[],"product_cat":[898],"product_tag":[],"class_list":{"0":"post-16341","1":"product","2":"type-product","3":"status-publish","4":"has-post-thumbnail","6":"product_cat-dispositivos","9":"instock","10":"shipping-taxable","11":"purchasable","12":"product-type-variable","13":"product-grid-view"},"acf":[],"aioseo_notices":[],"_links":{"self":[{"href":"https:\/\/activecontrol-systems.com\/pt-pt\/wp-json\/wp\/v2\/product\/16341","targetHints":{"allow":["GET"]}}],"collection":[{"href":"https:\/\/activecontrol-systems.com\/pt-pt\/wp-json\/wp\/v2\/product"}],"about":[{"href":"https:\/\/activecontrol-systems.com\/pt-pt\/wp-json\/wp\/v2\/types\/product"}],"version-history":[{"count":1,"href":"https:\/\/activecontrol-systems.com\/pt-pt\/wp-json\/wp\/v2\/product\/16341\/revisions"}],"predecessor-version":[{"id":41758,"href":"https:\/\/activecontrol-systems.com\/pt-pt\/wp-json\/wp\/v2\/product\/16341\/revisions\/41758"}],"wp:featuredmedia":[{"embeddable":true,"href":"https:\/\/activecontrol-systems.com\/pt-pt\/wp-json\/wp\/v2\/media\/29223"}],"wp:attachment":[{"href":"https:\/\/activecontrol-systems.com\/pt-pt\/wp-json\/wp\/v2\/media?parent=16341"}],"wp:term":[{"taxonomy":"product_brand","embeddable":true,"href":"https:\/\/activecontrol-systems.com\/pt-pt\/wp-json\/wp\/v2\/product_brand?post=16341"},{"taxonomy":"product_cat","embeddable":true,"href":"https:\/\/activecontrol-systems.com\/pt-pt\/wp-json\/wp\/v2\/product_cat?post=16341"},{"taxonomy":"product_tag","embeddable":true,"href":"https:\/\/activecontrol-systems.com\/pt-pt\/wp-json\/wp\/v2\/product_tag?post=16341"}],"curies":[{"name":"wp","href":"https:\/\/api.w.org\/{rel}","templated":true}]}}