{"id":16367,"date":"2025-10-10T16:58:57","date_gmt":"2025-10-10T16:58:57","guid":{"rendered":"https:\/\/activecontrol-systems.com\/produto\/ahybrid\/"},"modified":"2025-10-10T16:58:57","modified_gmt":"2025-10-10T16:58:57","slug":"ahybrid","status":"publish","type":"product","link":"https:\/\/activecontrol-systems.com\/pt-pt\/produto\/ahybrid\/","title":{"rendered":"AHYBRID"},"content":{"rendered":"","protected":false},"excerpt":{"rendered":"<p>O cabo AHYBRID \u00e9 um cabo de alimenta\u00e7\u00e3o el\u00e9ctrica DC com comunica\u00e7\u00e3o Ethernet integrada. O cabo combinado foi concebido para aplica\u00e7\u00f5es industriais e permite a transmiss\u00e3o combinada de dados e energia. <\/p>\n","protected":false},"featured_media":15696,"template":"","meta":{"_acf_changed":false},"product_brand":[],"product_cat":[900],"product_tag":[],"class_list":{"0":"post-16367","1":"product","2":"type-product","3":"status-publish","4":"has-post-thumbnail","6":"product_cat-cabo","9":"instock","10":"shipping-taxable","11":"purchasable","12":"product-type-simple","13":"product-grid-view"},"acf":[],"aioseo_notices":[],"_links":{"self":[{"href":"https:\/\/activecontrol-systems.com\/pt-pt\/wp-json\/wp\/v2\/product\/16367","targetHints":{"allow":["GET"]}}],"collection":[{"href":"https:\/\/activecontrol-systems.com\/pt-pt\/wp-json\/wp\/v2\/product"}],"about":[{"href":"https:\/\/activecontrol-systems.com\/pt-pt\/wp-json\/wp\/v2\/types\/product"}],"version-history":[{"count":0,"href":"https:\/\/activecontrol-systems.com\/pt-pt\/wp-json\/wp\/v2\/product\/16367\/revisions"}],"wp:featuredmedia":[{"embeddable":true,"href":"https:\/\/activecontrol-systems.com\/pt-pt\/wp-json\/wp\/v2\/media\/15696"}],"wp:attachment":[{"href":"https:\/\/activecontrol-systems.com\/pt-pt\/wp-json\/wp\/v2\/media?parent=16367"}],"wp:term":[{"taxonomy":"product_brand","embeddable":true,"href":"https:\/\/activecontrol-systems.com\/pt-pt\/wp-json\/wp\/v2\/product_brand?post=16367"},{"taxonomy":"product_cat","embeddable":true,"href":"https:\/\/activecontrol-systems.com\/pt-pt\/wp-json\/wp\/v2\/product_cat?post=16367"},{"taxonomy":"product_tag","embeddable":true,"href":"https:\/\/activecontrol-systems.com\/pt-pt\/wp-json\/wp\/v2\/product_tag?post=16367"}],"curies":[{"name":"wp","href":"https:\/\/api.w.org\/{rel}","templated":true}]}}