{"id":16370,"date":"2025-07-30T12:12:45","date_gmt":"2025-07-30T12:12:45","guid":{"rendered":"https:\/\/activecontrol-systems.com\/produto\/afix\/"},"modified":"2025-07-30T12:12:45","modified_gmt":"2025-07-30T12:12:45","slug":"afix","status":"publish","type":"product","link":"https:\/\/activecontrol-systems.com\/pt-pt\/produto\/afix\/","title":{"rendered":"AFIX"},"content":{"rendered":"","protected":false},"excerpt":{"rendered":"<p>O AFIX \u00e9 uma bucha de fixa\u00e7\u00e3o especialmente desenvolvida para a instala\u00e7\u00e3o de fitas e fios de \u00e2nodos prim\u00e1rios, bem como de \u00e2nodos de tit\u00e2nio MMO em forma de fitas e redes.<\/p>\n<p>Gra\u00e7as \u00e0 sua geometria ergon\u00f3mica e compacta, o AFIX permite um manuseamento particularmente eficiente e uma ader\u00eancia ideal \u00e0 argamassa de acoplamento. A sua forma baseia-se numa vasta experi\u00eancia pr\u00e1tica e foi continuamente aperfei\u00e7oada atrav\u00e9s de um processo de desenvolvimento orientado para a otimiza\u00e7\u00e3o.<\/p>\n","protected":false},"featured_media":15275,"template":"","meta":{"_acf_changed":false},"product_brand":[],"product_cat":[897],"product_tag":[],"class_list":{"0":"post-16370","1":"product","2":"type-product","3":"status-publish","4":"has-post-thumbnail","6":"product_cat-acessorios","9":"instock","10":"shipping-taxable","11":"purchasable","12":"product-type-variable","13":"product-grid-view"},"acf":[],"aioseo_notices":[],"_links":{"self":[{"href":"https:\/\/activecontrol-systems.com\/pt-pt\/wp-json\/wp\/v2\/product\/16370","targetHints":{"allow":["GET"]}}],"collection":[{"href":"https:\/\/activecontrol-systems.com\/pt-pt\/wp-json\/wp\/v2\/product"}],"about":[{"href":"https:\/\/activecontrol-systems.com\/pt-pt\/wp-json\/wp\/v2\/types\/product"}],"version-history":[{"count":0,"href":"https:\/\/activecontrol-systems.com\/pt-pt\/wp-json\/wp\/v2\/product\/16370\/revisions"}],"wp:featuredmedia":[{"embeddable":true,"href":"https:\/\/activecontrol-systems.com\/pt-pt\/wp-json\/wp\/v2\/media\/15275"}],"wp:attachment":[{"href":"https:\/\/activecontrol-systems.com\/pt-pt\/wp-json\/wp\/v2\/media?parent=16370"}],"wp:term":[{"taxonomy":"product_brand","embeddable":true,"href":"https:\/\/activecontrol-systems.com\/pt-pt\/wp-json\/wp\/v2\/product_brand?post=16370"},{"taxonomy":"product_cat","embeddable":true,"href":"https:\/\/activecontrol-systems.com\/pt-pt\/wp-json\/wp\/v2\/product_cat?post=16370"},{"taxonomy":"product_tag","embeddable":true,"href":"https:\/\/activecontrol-systems.com\/pt-pt\/wp-json\/wp\/v2\/product_tag?post=16370"}],"curies":[{"name":"wp","href":"https:\/\/api.w.org\/{rel}","templated":true}]}}